{"id":85,"date":"2018-12-11T13:58:43","date_gmt":"2018-12-11T12:58:43","guid":{"rendered":"https:\/\/fwfe.de\/wordpress\/?page_id=85"},"modified":"2022-12-09T10:45:26","modified_gmt":"2022-12-09T09:45:26","slug":"wahlprogramm","status":"publish","type":"page","link":"https:\/\/fwfe.de\/wordpress\/wahlprogramm\/","title":{"rendered":"Unsere Ziele"},"content":{"rendered":"\r\n\r\n\r\n<p class=\"wp-block-paragraph\" id=\"top\">Folgende Themen sind uns besonders wichtig:<\/p>\r\n<ul>\r\n<li><a href=\"#soziales\">Soziale Stadtentwicklung<\/a><\/li>\r\n<li><a href=\"#lebendig\">Lebendige Stadt<\/a><\/li>\r\n<li><a href=\"#bauen\">Bauen und Wohnen<\/a><\/li>\r\n<li><a href=\"#umwelt\">Unsere Umwelt<\/a><\/li>\r\n<li><a href=\"#mobilitaet\">Mobilit\u00e4t<\/a><\/li>\r\n<li><a href=\"#haushalt\">Generationengerechte Haushaltspolitik<\/a><\/li>\r\n<\/ul>\r\n<p>Klicken Sie auf den entsprechenden Men\u00fcpunkt, um direkt zum Thema zu springen.<\/p>\r\n\r\n\r\n\r\n<h1 class=\"wp-block-heading\" id=\"soziales\">Soziale Stadtentwicklung<\/h1>\r\n\r\n\r\n\r\n<p class=\"wp-block-paragraph\"><strong>Gute Kinderbetreuung sorgt f\u00fcr Vereinbarkeit von Familie und Beruf. Allen Kindern gleiche Entwicklungschancen!<\/strong><\/p>\r\n<p>Wir haben uns immer f\u00fcr gute Kinderbetreuung eingesetzt. Ettlingen hat jetzt ein bedarfsgerechtes Betreuungsangebot. Wir haben 42% Betreuungsplatzquote in Ettlingen bei unter Dreij\u00e4hrigen. Mit 7 Kinder pro Betreuer-\/in liegt die Betreuungsqualit\u00e4t in gutem Bereich. An allen Grundschulen gibt es ein flexibles Nachmittags-Betreuungsangebot.<\/p>\r\n<p>Wir setzen uns daf\u00fcr ein, die Kinderbetreuung weiter zu verbessern. Dabei sind f\u00fcr uns Kitas unterschiedlicher Tr\u00e4ger und die Betreuung durch Tagesm\u00fctter und \u2013v\u00e4ter (z.B. des Tageselternvereins Ettlingen) gleicherma\u00dfen wichtige Angebote, um unterschiedliche Bed\u00fcrfnisse zu befriedigen.<\/p>\r\n<p>Mit uns gibt es neue Konzepte wie Platz-Sharing, damit wir trotz Personalmangels die erreichte Qualit\u00e4t halten und Kooperationen mit Betrieben st\u00e4rken.<\/p>\r\n<p><br \/><strong>Bildung \u00f6ffnet T\u00fcren! In guten Schulen macht Lernen mehr Spa\u00df<\/strong><\/p>\r\n<p>Wir werden die Investitionen in Bildung und Betreuung massiv f\u00f6rdern. Alle wichtigen Ma\u00dfnahmen zur Betreuung der Schulkinder werden von uns mit Nachdruck vorangebracht: Sanierung von Schulen, Mensaneubau, Barrierefreiheit, Jugendverkehrsschule, Schulkind-Betreuung und Schulsozialarbeit.<\/p>\r\n<p>Eines ist klar: Gute Kinderbetreuung kostet die Stadt viel Geld \u2013 in Ettlingen ist es der h\u00f6chste Etatposten &#8211; wir sind der Meinung: Das ist es uns wert!<\/p>\r\n<p><br \/><strong>Vereine in der Stadt sind wichtige S\u00e4ulen der Zivilgesellschaft<\/strong><\/p>\r\n<p>Wir sind sehr dankbar, dass es die Ettlinger Vereine gibt und wissen, dass Anerkennung alleine nicht reicht. Vereine stehen vor gro\u00dfen Herausforderungen: Nachwuchsprobleme, Vereinnahmung als Dienstleister, \u00dcberlastung durch rechtliche Vorgaben.<br \/>Ettlingen bietet viele Anlaufstellen: Kultur\u2013 und Sportamt, Amt f\u00fcr Bildung, Jugend, Familie und Senioren, Stadtmarketing, Stadtinfo, Ortsverwaltungen\u2026und es ist nicht klar, wer wof\u00fcr zust\u00e4ndig ist.<\/p>\r\n<p>Wir wollen f\u00fcr die B\u00fcrger eine klare Struktur zur Unterst\u00fctzung des Vereinswesens durch einen Ansprechpartner f\u00fcr die W\u00fcnsche und N\u00f6te der Vereine.<\/p>\r\n<p><br \/><strong>F\u00fcr eine aktive Nachbarschaft<\/strong><\/p>\r\n<p>Wir setzen uns daf\u00fcr ein, dass ALLE Menschen in Ettlingen am sozial lebendigen Miteinander teilhaben k\u00f6nnen, in welcher Lebenslage sie sich auch befinden.<\/p>\r\n<p>Es gibt zwei gro\u00dfe Entwicklungen in der heutigen Gesellschaft &#8211; die zunehmende Individualisierung und den demographischen Faktor &#8211; die den sozialen Zusammenhalt schwierig machen.<\/p>\r\n<p>Um das zu ver\u00e4ndern, unterst\u00fctzen wir die Bildung von Quartiersprojekten. <br \/>Sie bieten &#8211; r\u00e4umlich begrenzt auf einen Stadtteil &#8211; einen zentralen, barrierefreien Treffpunkt und entwickeln mit den Anwohnern kostenlose Aktivit\u00e4ten (Singen, Spielenachmittage, Skatrunden, Quartiers-Spazierg\u00e4nge, gemeinsames Kochen, Tauschb\u00f6rsen u.v.a.m.). Diese Aktivit\u00e4ten im Stadtteil bringen Alt und Jung zusammen um sich kennenzulernen und um eigene Talente einzubringen. So wirkt man Einsamkeit entgegen.<\/p>\r\n<p>Als Tr\u00e4ger eines Quartiersprojektes kann ein B\u00fcrgerverein oder ein Wohlfahrtsverband fungieren. Hauptamtliche Quartiersmitarbeiter \u00fcbernehmen die organisatorischen Aufgaben und sind Mittler zu Institutionen und Kooperationspartnern und die Stadtteilbewohner finden sich in Nachbarschaftsgruppen, je nach Interessenlage zusammen.<\/p>\r\n<p>Teilhabe ohne Geld ist m\u00f6glich &#8211; \u00e4lteren\/bed\u00fcrftigen Menschen wird im Alltag geholfen &#8211; die Anerkennung f\u00fcr Ehrenamtliche und Projekte f\u00f6rdert das Klima im Stadtteil.<\/p>\r\n<p>F\u00fcr uns von <strong>fwfe<\/strong> sind das Zukunftschancen und Basis f\u00fcr b\u00fcrgerschaftliches Engagement im kleinen Rahmen mit gro\u00dfer Wirkung.<\/p>\r\n<p class=\"back2top\"><a href=\"#site-content\">_<\/a><\/p>\r\n<hr \/>\r\n\r\n\r\n<h1 class=\"wp-block-heading\" id=\"lebendig\">Lebendige Stadt<\/h1>\r\n<p><strong>Stadtmarketing \u2013 Stadtplanung<\/strong> <br \/>Stadtmarketing und -planung sowie Werbegemeinschaft, Gewerbeverein und die verschiedenen Verwaltungen sollten in den Bereichen Kultur, Handel und Gastronomie noch enger zusammen arbeiten, um Synergien nutzen zu k\u00f6nnen. In einem gemeinsamen Lenkungsausschuss k\u00f6nnten die gemeinsamen Interessen geb\u00fcndelt werden. <br \/><br \/><strong>Kultur<\/strong> <br \/>Wir wollen bestehende Veranstaltungen wie Schlossfestspiele, Marktfest, Alb in Flammen in einem festen finanziellen Rahmen weiter unterst\u00fctzen. F\u00fcr ein j\u00fcngeres Publikum sollte \u00fcber neue Veranstaltungskonzepte nachgedacht werden.<\/p>\r\n<p><strong>Handel<\/strong> <br \/>Wir wollen den lokalen Handel st\u00e4rken. Dazu sollte eine Analyse erstellt werden wie das Grundsortiment f\u00fcr eine Stadt wie Ettlingen mindestens aussehen muss, um die Attraktivit\u00e4t zu erhalten. Da je nach Branche von den H\u00e4ndlern immer gr\u00f6\u00dfere Sortimente abgenommen werden m\u00fcssen, reicht die Frequenz der Ettlinger allein nicht aus. Wichtig ist es deshalb, die Stadt als Mittelzentrum so zu st\u00e4rken, dass weniger Kaufkraft aus dem Umfeld nach Karlsruhe abflie\u00dft. Sonst verschwinden einige Branchen ganz aus der Stadt. Ettlingen muss sich mit seinem Flair profilieren und die Altstadt mit Alb als Alleinstellungsmerkmal nutzen.<\/p>\r\n<p><strong>Gastronomie und Hotelgewerbe<\/strong><br \/><strong>fwfe<\/strong> will weiter eng mit Albtal Plus zusammenarbeiten, damit wir von den wachsenden Urlauberzahlen im Schwarzwald profitieren k\u00f6nnen. Attraktive Veranstaltungen k\u00f6nnen auch an den Wochenenden Besucher aus der n\u00e4heren Umgebung anziehen. Die Au\u00dfendarstellung sollte zwar harmonisiert werden, f\u00fcr die Gastronomen und Hoteliers aber gen\u00fcgend Freiraum lassen.<\/p>\r\n\r\n\r\n\r\n<p class=\"back2top wp-block-paragraph\"><a href=\"#site-content\">_<\/a><\/p>\r\n<hr \/>\r\n\r\n\r\n<h1 class=\"wp-block-heading\" id=\"bauen\">Bauen und Wohnen &#8211; wir handeln!<\/h1>\r\n\r\n\r\n\r\n<p class=\"wp-block-paragraph\">G\u00fcnstiges Wohnen ist eine zentrale politische Frage der Daseinsvorsorge in Ettlingen. B\u00fcrger mit unteren oder mittleren Einkommen haben auch ein Recht auf gutes Wohnen.<\/p>\r\n<p>Wir von <strong>fwfe<\/strong> setzen uns f\u00fcr faire L\u00f6sungen ein.<br \/>So lassen sich z.B. mit Aufstockungen und dem Ausbau von Dachgeschossen g\u00fcnstige Wohnungen schaffen. Dies wurde schon mehrfach in Ettlingen realisiert und von uns immer wieder angeregt. Interessierte Bauherren sollen in dem von uns geforderten Baub\u00fcrgerb\u00fcro umfassend, z.B. \u00fcber entsprechende F\u00f6rderm\u00f6glichkeiten informiert werden.<\/p>\r\n<p>Dar\u00fcber hinaus setzen wir uns strikt daf\u00fcr ein, dass entweder die Stadt oder die stadteigene Stadtbau GmbH selbst Wohnraum schaffen und sozialvertr\u00e4glich vermieten. Denn \u00fcber diese Wohnungen kann die Stadt dauerhaft verf\u00fcgen. Der bisher eingeschlagene Weg, stadteigenen Wohnraum zu schaffen, muss konsequent weiterverfolgt werden.\u00a0<\/p>\r\n<h3>Grundst\u00fccke<\/h3>\r\n<p>St\u00e4dtische Grundst\u00fccke sollen in der Regel in Erbpacht vergeben werden. Wir f\u00f6rdern Baugruppen im Wohnungsbau. Kosten werden gebremst und nicht Gewinne der Investoren erh\u00f6ht.<\/p>\r\n<p>In den Entwicklungsgebieten ,,Kaserne Nord&#8220;, Ottostra\u00dfe, Feuerwehr-Areal k\u00f6nnen so g\u00fcnstige Wohnungen entstehen. Damit f\u00f6rdern wir die Bildung von Wohneigentum f\u00fcr viele Menschen in Ettlingen. Mit dem \u201eEinheimischenmodell\u201c erhalten Ettlinger B\u00fcrger einen Bonus gegen\u00fcber Ausw\u00e4rtigen.<\/p>\r\n<h3>Grundst\u00fccke f\u00fcr Investoren<\/h3>\r\n<p>Wenn Grundst\u00fccke an Investoren verkauft werden, soll der Zuschlag nicht an den Meistbietenden, sondern an das beste Konzept gehen. Unsere zentralen Bedingungen, um faires Wohnen in Ettlingen zu erm\u00f6glichen:<\/p>\r\n<p>Sozialpolitisch, umweltpolitisch und st\u00e4dtebaulich zukunftsf\u00e4hig!<\/p>\r\n<h3>B\u00fcrgermodell<\/h3>\r\n<p><strong>fwfe<\/strong> wird sich daf\u00fcr einsetzen, dass auch in Ettlingen ein &#8222;B\u00fcrgermodell&#8220; eingef\u00fchrt wird. Das Konzept: Baufl\u00e4chen werden an Ortsans\u00e4ssige nach bestimmten Kriterien verbilligt oder nach einem Punktesystem bevorzugt abgegeben. Dies w\u00e4re ein Instrument der Wohnungseigentumsf\u00f6rderung, mit dem z.B. Ettlinger Familien mit begrenztem Budget beim Grunderwerb unterst\u00fctzt werden.<\/p>\r\n<h3>Baub\u00fcrgerb\u00fcro<\/h3>\r\n<p>Ein Baub\u00fcrgerb\u00fcro wird erste Anlaufstelle, um Bauherren und vor allem Baugruppen die Planung ihres Projektes mit Hilfe eines Bauleitfadens schnell zu erm\u00f6glichen.<\/p>\r\n<p class=\"back2top\"><a href=\"#site-content\">_<\/a><\/p>\r\n<hr \/>\r\n\r\n\r\n<h1 class=\"wp-block-heading\" id=\"umwelt\">Unsere Umwelt<\/h1>\r\n\r\n\r\n\r\n<p class=\"wp-block-paragraph\">Der Klimawandel ist eine Tatsache und ver\u00e4ndert unser Leben. Ob wir den Klimawandel noch beeinflussen und begrenzen k\u00f6nnen, liegt an uns allen.<\/p>\r\n<p>Innerhalb von 12 Jahren m\u00fcssen wir den CO2-Aussto\u00df halbieren und bis 2050 um mindestens 80 % reduzieren. So best\u00fcnde noch die Chance, den von uns verursachten Anteil am globalen Temperaturanstieg auf unter 2 Grad zu begrenzen. Da die bisherigen Ziele zur CO2-Reduktion in Deutschland wohl nicht erreicht werden, bedarf es jetzt noch gr\u00f6\u00dferer Anstrengungen. Dem Klimaschutz ist bei allen kommunalen Entscheidungen hohe Priorit\u00e4t einzur\u00e4umen. Klimaschutz muss Chefsache sein. Aktiver Klimaschutz ist Daseinsvorsorge!<\/p>\r\n<h3>Stadtwerke und Stadtbau<\/h3>\r\n<p>Die Energiewende gelingt nur vor Ort. Neubaugebiete d\u00fcrfen nur noch als Plus-Energiegebiete und CO2-neutral entwickelt werden. Stadtwerke und Stadtbau m\u00fcssen dazu beitragen:<\/p>\r\n<ul>\r\n<li>regenerative Energie-Eigenproduktion statt fossiler Importe<\/li>\r\n<li>Photovoltaik als regenerative Energiequelle, die nur wenig in Natur und Landschaft eingreift<\/li>\r\n<li>Energiedienstleister und Contracting f\u00fcr nachhaltige Energieversorgung<\/li>\r\n<li>Zentrale W\u00e4rmeerzeugung mit W\u00e4rmenetzen der Stadtwerke<\/li>\r\n<\/ul>\r\n<h3>W\u00e4lder, Wiesen und die Alb<\/h3>\r\n<p>Ettlingen muss sich dem Klimawandel stellen<\/p>\r\n<ul>\r\n<li>Hochwasserschutz unter Ber\u00fccksichtigung der Klimaprognosen<\/li>\r\n<li>Anpassung des Stadtwaldes an den Klimawandel, das hei\u00dft weniger Waldbewirtschaftung und mehr Naturwald<\/li>\r\n<li>Verbesserung unserer gewachsenen Kulturlandschaft mit Streuobstwiesen und vielf\u00e4ltiger Landschaft als Beitrag zum Artenschutz<\/li>\r\n<li>R\u00fccksichtnahme bei Bauvorhaben auf die nat\u00fcrlichen Kaltluftstr\u00f6mungen \u2013 z.B. \u201eAlbt\u00e4ler\u201c \u2013 als Beitrag zum Hitzeschutz<\/li>\r\n<li>Passive K\u00fchlung bestehender st\u00e4dtischer Liegenschaften und der Schulen.<\/li>\r\n<\/ul>\r\n<h3>Geb\u00e4ude<\/h3>\r\n<p>Die energetische Sanierung st\u00e4dtischer Geb\u00e4ude ist konsequent weiterzuverfolgen. Der Energieverbrauch ist so weit m\u00f6glich und nicht auf Grund von gesetzlichen Vorgaben soweit n\u00f6tig zu senken. Der Energiebedarf der Geb\u00e4ude ist weitgehend aus regenerativen Quellen zu decken. Vor allem der Einsatz von oberfl\u00e4chennaher Erdw\u00e4rme ist bei Neubau und energetischer Sanierung zu pr\u00fcfen und zu f\u00f6rdern.<\/p>\r\n<p class=\"back2top\"><a href=\"#site-content\">_<\/a><\/p>\r\n<hr \/>\r\n\r\n\r\n<h1 class=\"wp-block-heading\" id=\"mobilitaet\">Mobilit\u00e4t<\/h1>\r\n\r\n\r\n\r\n<h3>KFZ-Verkehr reduzieren<\/h3>\r\n<p class=\"wp-block-paragraph\">Vor allem der Umleitungsverkehr bei St\u00f6rungen auf der Autobahn belastet mit Abgasen und L\u00e4rm die Innenstadt. F\u00fcr Autofahrer muss es attraktiver werden, um die Stadt herum als mitten hindurch zu fahren. Daf\u00fcr darf auch eine Verengung der Fahrspuren f\u00fcr Autos zugunsten von Radfahrstreifen kein Tabu sein. <br \/>Das Parkleitsystem muss verbessert und sichtbarer werden (auch digital), um den Parkplatzsuchverkehr zu verringern. <br \/>Wir werden uns weiter beim Landkreis daf\u00fcr einsetzen, dass schadstoffarme\/- freie Alternativen zu Dieselbussen im \u00d6PNV eingesetzt werden und diese in passender Gr\u00f6\u00dfe. Anrufsammeltaxis und andere On-demand-Systeme sollen auch B\u00fcrgern der Ortschaften einen Anreiz geben, auf das Auto zu verzichten.<\/p>\r\n<h3>Bequem per Rad in die Stadt<\/h3>\r\n<p>Wir werden daf\u00fcr k\u00e4mpfen, dass Radfahrer in Ettlingen mehr Raum bekommen. Jeder muss die M\u00f6glichkeit haben, schnell und sicher per Rad in die Innenstadt und alle Ortsteile zu kommen. Notl\u00f6sungen wie Fahrradschutzstreifen darf es h\u00f6chstens f\u00fcr eine kurze \u00dcbergangszeit geben bis Radfahrer eigene, gut gekennzeichnete Wege haben. Auch Fahrradstra\u00dfen, auf denen Radfahrer Vorrang vor dem KFZ-Verkehr haben, sollten als L\u00f6sung \u00fcberpr\u00fcft werden. Und wir setzen uns f\u00fcr mehr \u2013 auch \u00fcberdachte \u2013 Fahrradstellpl\u00e4tze an nachgefragten Pl\u00e4tzen ein.<\/p>\r\n<p class=\"back2top\"><a href=\"#site-content\">_<\/a><\/p>\r\n<hr \/>\r\n\r\n\r\n<h1 class=\"wp-block-heading\" id=\"haushalt\">Generationengerechte Haushaltspolitik<\/h1>\r\n\r\n\r\n\r\n<p class=\"wp-block-paragraph\">Die Politik in Ettlingen hat k\u00fcrzlich viele Bauprojekte und Infrastrukturma\u00dfnahmen auf den Weg gebracht. Alles war notwendig und richtig, weil der Flowtex-Skandal viele Projekte auf Eis legte; die Finanzierung ist jetzt gesichert.<\/p>\r\n<p>Doch damit enden die Projekte nicht. Betriebskosten, Reparaturen und Ersatz in ferner Zukunft m\u00fcssen bedacht werden. Wir werden darauf achten, da\u00df nichts aus dem Ruder l\u00e4uft. Wir nutzen das neue Haushaltsrecht f\u00fcr Transparenz. Betriebs- und Personalkosten werden kontrolliert, um eine Verschuldung m\u00f6glichst zu verhindern. <br \/>Mit uns werden aus Haushaltsgewinnen R\u00fccklagen gebildet, die aufgebraucht werden m\u00fcssen, bevor Steuern und Geb\u00fchren erh\u00f6ht werden d\u00fcrfen. Wir wollen das \u201eTafelsilber\u201c unserer Stadt eher mehren, als es abzubauen.<\/p>\r\n<p>So haben wir Gestaltungsspielraum f\u00fcr ein lebenswertes und bezahlbares Ettlingen.<\/p>\r\n<p class=\"back2top\"><a href=\"#site-content\">_<\/a><\/p>\r\n\r\n<p>&nbsp;<\/p>","protected":false},"excerpt":{"rendered":"<p>Folgende Themen sind uns besonders wichtig: Soziale Stadtentwicklung Lebendige Stadt Bauen und Wohnen Unsere Umwelt Mobilit\u00e4t Generationengerechte Haushaltspolitik Klicken Sie auf den entsprechenden Men\u00fcpunkt, um direkt zum Thema zu springen. Soziale Stadtentwicklung Gute Kinderbetreuung sorgt f\u00fcr Vereinbarkeit von Familie und Beruf. Allen Kindern gleiche Entwicklungschancen! Wir haben uns immer f\u00fcr gute Kinderbetreuung eingesetzt. Ettlingen hat [&hellip;]<\/p>\n","protected":false},"author":1,"featured_media":0,"parent":0,"menu_order":0,"comment_status":"closed","ping_status":"closed","template":"","meta":{"_crdt_document":"","footnotes":""},"class_list":["post-85","page","type-page","status-publish","hentry","missing-thumbnail"],"_links":{"self":[{"href":"https:\/\/fwfe.de\/wordpress\/wp-json\/wp\/v2\/pages\/85","targetHints":{"allow":["GET"]}}],"collection":[{"href":"https:\/\/fwfe.de\/wordpress\/wp-json\/wp\/v2\/pages"}],"about":[{"href":"https:\/\/fwfe.de\/wordpress\/wp-json\/wp\/v2\/types\/page"}],"author":[{"embeddable":true,"href":"https:\/\/fwfe.de\/wordpress\/wp-json\/wp\/v2\/users\/1"}],"replies":[{"embeddable":true,"href":"https:\/\/fwfe.de\/wordpress\/wp-json\/wp\/v2\/comments?post=85"}],"version-history":[{"count":67,"href":"https:\/\/fwfe.de\/wordpress\/wp-json\/wp\/v2\/pages\/85\/revisions"}],"predecessor-version":[{"id":394,"href":"https:\/\/fwfe.de\/wordpress\/wp-json\/wp\/v2\/pages\/85\/revisions\/394"}],"wp:attachment":[{"href":"https:\/\/fwfe.de\/wordpress\/wp-json\/wp\/v2\/media?parent=85"}],"curies":[{"name":"wp","href":"https:\/\/api.w.org\/{rel}","templated":true}]}}