{"id":8,"date":"2018-12-01T10:23:24","date_gmt":"2018-12-01T09:23:24","guid":{"rendered":"https:\/\/fwfe.de\/wordpress\/?page_id=8"},"modified":"2025-11-26T10:53:20","modified_gmt":"2025-11-26T09:53:20","slug":"startseite","status":"publish","type":"page","link":"https:\/\/fwfe.de\/wordpress\/","title":{"rendered":"Freie W\u00e4hler \/ F\u00fcr Ettlingen &#8222;FE&#8220;"},"content":{"rendered":"\n<p class=\"wp-block-paragraph\"><strong>MITEINANDER \u2013 GEMEINSAM F\u00dcR ETTLINGEN<br>Das ist unser Motto f\u00fcr die kommunalpolitische Zukunft in Ettlingen.<\/strong><\/p>\n\n\n\n<p class=\"wp-block-paragraph\">Seit 20 Jahren sind wir, die beiden freien W\u00e4hlervereinigungen in Ettlingen, <strong>F\u00fcr Ettlingen FE<\/strong> und <strong>Freie W\u00e4hler,<\/strong> die unabh\u00e4ngigen Fraktionen im Gemeinderat. Vor \u00fcber einem Jahr haben wir im Gemeinderat die Fraktionen vereint, um nun <strong>gemeinsam f\u00fcr Ettlingen die Zukunft<\/strong> zu gestalten. Unsere Ziele sind die Interessen der B\u00fcrger in Ettlingen. Wir haben uns zu diesem Zweck zusammengefunden. Es gilt, in den n\u00e4chsten Jahren viele Weichen, vor allem finanzieller Art, zu stellen. Wir lassen uns dabei nicht vom Populismus leiten, der scheinbar f\u00fcr jedes Problem eine einfache Antwort bietet. Wir sind offen f\u00fcr alle vern\u00fcnftigen Argumente, die den Interessen der B\u00fcrger dienen. Bei uns gibt es keinen Fraktionszwang! Bei uns kann jeder auch \u00f6ffentlich seine Meinung sagen. Wir f\u00fchlen uns gem\u00e4\u00df dem Amtseid nur den B\u00fcrgern unserer Stadt und unserem Gewissen verpflichtet.<\/p>\n\n\n\n<p class=\"has-text-align-center wp-block-paragraph\">\u2665<\/p>\n\n\n\n<p class=\"has-text-align-center has-white-background-color has-text-color has-background has-link-color wp-elements-87e5466c2a80726d21a18e7f54e3ec86 wp-block-paragraph\" style=\"color:#ff8800;font-size:23px\"><strong><a href=\"https:\/\/fwfe.de\/wordpress\/kommunalwahlen-2024\/\" data-type=\"page\" data-id=\"1494\">Hier<\/a> finden Sie Informationen zur Kommunalwahl 2024.<\/strong><\/p>\n\n\n\n<p class=\"has-text-align-center wp-block-paragraph\">\u2665<\/p>\n\n\n\n<div class=\"wp-block-media-text is-stacked-on-mobile\" style=\"grid-template-columns:17% auto\"><figure class=\"wp-block-media-text__media\"><img loading=\"lazy\" decoding=\"async\" width=\"272\" height=\"426\" src=\"https:\/\/fwfe.de\/wordpress\/wp-content\/uploads\/2019\/04\/dohlenaze.jpg\" alt=\"\" class=\"wp-image-720 size-full\" srcset=\"https:\/\/fwfe.de\/wordpress\/wp-content\/uploads\/2019\/04\/dohlenaze.jpg 272w, https:\/\/fwfe.de\/wordpress\/wp-content\/uploads\/2019\/04\/dohlenaze-192x300.jpg 192w\" sizes=\"auto, (max-width: 272px) 100vw, 272px\" \/><\/figure><div class=\"wp-block-media-text__content\">\n<p class=\"wp-block-paragraph\">Neugierig? <br>Wir treffen uns immer am 2. Donnerstag im Monat ab 19:00 Uhr zum Stammtisch in der <a href=\"https:\/\/www.luisenstube-ettlingen.de\/\">Luisenstube<\/a>.<br>Unser Dohlenaze macht jedenfalls auch mit \u2026<\/p>\n<\/div><\/div>\n\n\n\n<p class=\"wp-block-paragraph\"><\/p>\n\n\n\n<p class=\"wp-block-paragraph\"><\/p>\n","protected":false},"excerpt":{"rendered":"<p>MITEINANDER \u2013 GEMEINSAM F\u00dcR ETTLINGENDas ist unser Motto f\u00fcr die kommunalpolitische Zukunft in Ettlingen. Seit 20 Jahren sind wir, die beiden freien W\u00e4hlervereinigungen in Ettlingen, F\u00fcr Ettlingen FE und Freie W\u00e4hler, die unabh\u00e4ngigen Fraktionen im Gemeinderat. Vor \u00fcber einem Jahr haben wir im Gemeinderat die Fraktionen vereint, um nun gemeinsam f\u00fcr Ettlingen die Zukunft zu [&hellip;]<\/p>\n","protected":false},"author":1,"featured_media":426,"parent":0,"menu_order":1,"comment_status":"closed","ping_status":"closed","template":"","meta":{"_crdt_document":"","footnotes":""},"class_list":["post-8","page","type-page","status-publish","has-post-thumbnail","hentry","has-thumbnail"],"_links":{"self":[{"href":"https:\/\/fwfe.de\/wordpress\/wp-json\/wp\/v2\/pages\/8","targetHints":{"allow":["GET"]}}],"collection":[{"href":"https:\/\/fwfe.de\/wordpress\/wp-json\/wp\/v2\/pages"}],"about":[{"href":"https:\/\/fwfe.de\/wordpress\/wp-json\/wp\/v2\/types\/page"}],"author":[{"embeddable":true,"href":"https:\/\/fwfe.de\/wordpress\/wp-json\/wp\/v2\/users\/1"}],"replies":[{"embeddable":true,"href":"https:\/\/fwfe.de\/wordpress\/wp-json\/wp\/v2\/comments?post=8"}],"version-history":[{"count":88,"href":"https:\/\/fwfe.de\/wordpress\/wp-json\/wp\/v2\/pages\/8\/revisions"}],"predecessor-version":[{"id":1982,"href":"https:\/\/fwfe.de\/wordpress\/wp-json\/wp\/v2\/pages\/8\/revisions\/1982"}],"wp:featuredmedia":[{"embeddable":true,"href":"https:\/\/fwfe.de\/wordpress\/wp-json\/wp\/v2\/media\/426"}],"wp:attachment":[{"href":"https:\/\/fwfe.de\/wordpress\/wp-json\/wp\/v2\/media?parent=8"}],"curies":[{"name":"wp","href":"https:\/\/api.w.org\/{rel}","templated":true}]}}