{"id":79,"date":"2018-12-11T13:43:44","date_gmt":"2018-12-11T12:43:44","guid":{"rendered":"https:\/\/fwfe.de\/wordpress\/?page_id=79"},"modified":"2024-08-15T08:03:42","modified_gmt":"2024-08-15T07:03:42","slug":"gemeinderatswahl","status":"publish","type":"page","link":"https:\/\/fwfe.de\/wordpress\/gemeinderatswahl\/","title":{"rendered":"Gemeinderat"},"content":{"rendered":"\n<p class=\"wp-block-paragraph\">Neubau oder Modernisierung von Kinderg\u00e4rten, Hallen und Schulen; die Grundsteuer; Bebauung der Kaserne Nord und Ottostra\u00dfe; Seniorenwohnanlagen; Verkehr, Umweltschutz, Stadt- und Ortsteilentwicklung, Betreuung, Integration, Soziales und vieles mehr sind die Themen mit denen sich der Gemeinderat ab 2024 befassen wird.<br>Im Ringen um die besten L\u00f6sungen f\u00fcr die Stadt und die B\u00fcrger werden Vorlagen gepr\u00fcft, Argumente und Fakten bewertet, wird diskutiert, auch mal gestritten, um am Ende eine demokratische und tragf\u00e4hige Entscheidung zu erzielen.<\/p>\n\n\n<div class=\"wp-block-image\">\n<figure class=\"alignleft size-full is-resized\"><img loading=\"lazy\" decoding=\"async\" width=\"354\" height=\"494\" src=\"https:\/\/fwfe.de\/wordpress\/wp-content\/uploads\/2024\/08\/Juergen-Maisch.png\" alt=\"\" class=\"wp-image-1744\" style=\"width:180px\" srcset=\"https:\/\/fwfe.de\/wordpress\/wp-content\/uploads\/2024\/08\/Juergen-Maisch.png 354w, https:\/\/fwfe.de\/wordpress\/wp-content\/uploads\/2024\/08\/Juergen-Maisch-215x300.png 215w\" sizes=\"auto, (max-width: 354px) 100vw, 354px\" \/><\/figure>\n<\/div>\n\n\n<p class=\"wp-block-paragraph\">J\u00fcrgen Maisch &#8211; Polizeibeamter a.D.<\/p>\n\n\n\n<p class=\"wp-block-paragraph\"><em>Frei von jeglicher Parteiideologie und privat sowie beruflich stark in Ettlingen verwurzelt setze ich mich f\u00fcr zweckm\u00e4\u00dfige und am Bedarf orientierte Ergebnisse ein, die auch f\u00fcr kommende Generationen noch gen\u00fcgend Spielr\u00e4ume erhalten. Probleme aufzuzeigen und auch unpopul\u00e4re Wege zu gehen, um Ihren Anliegen Geltung zu verschaffen betrachte ich als wichtigen Auftrag f\u00fcr mich als Mandatstr\u00e4ger.<\/em><\/p>\n\n\n\n<p class=\"wp-block-paragraph\"><\/p>\n\n\n\n<div style=\"height:20px\" aria-hidden=\"true\" class=\"wp-block-spacer\"><\/div>\n\n\n<div class=\"wp-block-image\">\n<figure class=\"alignleft size-full is-resized\"><img loading=\"lazy\" decoding=\"async\" width=\"354\" height=\"493\" src=\"https:\/\/fwfe.de\/wordpress\/wp-content\/uploads\/2024\/08\/Birgit-Eyselen.png\" alt=\"\" class=\"wp-image-1739\" style=\"width:180px\" srcset=\"https:\/\/fwfe.de\/wordpress\/wp-content\/uploads\/2024\/08\/Birgit-Eyselen.png 354w, https:\/\/fwfe.de\/wordpress\/wp-content\/uploads\/2024\/08\/Birgit-Eyselen-215x300.png 215w\" sizes=\"auto, (max-width: 354px) 100vw, 354px\" \/><\/figure>\n<\/div>\n\n\n<p class=\"wp-block-paragraph\">Dr. Birgit Eyselen &#8211; Kinder\u00e4rztin<\/p>\n\n\n\n<p class=\"wp-block-paragraph\"><em>Bildung \u00f6ffnet T\u00fcren!<br>Seit 20 Jahren im Gemeinderat stehe ich f\u00fcr Bildung und Betreuung sowie die Vereinbarkeit von Familie und Beruf.<\/em><\/p>\n\n\n\n<p class=\"wp-block-paragraph\"><\/p>\n\n\n\n<p class=\"wp-block-paragraph\"><\/p>\n\n\n\n<div style=\"height:20px\" aria-hidden=\"true\" class=\"wp-block-spacer\"><\/div>\n\n\n<div class=\"wp-block-image\">\n<figure class=\"alignleft size-full is-resized\"><img loading=\"lazy\" decoding=\"async\" width=\"354\" height=\"494\" src=\"https:\/\/fwfe.de\/wordpress\/wp-content\/uploads\/2024\/08\/Daniela-Adomeit.png\" alt=\"\" class=\"wp-image-1740\" style=\"width:200px\" srcset=\"https:\/\/fwfe.de\/wordpress\/wp-content\/uploads\/2024\/08\/Daniela-Adomeit.png 354w, https:\/\/fwfe.de\/wordpress\/wp-content\/uploads\/2024\/08\/Daniela-Adomeit-215x300.png 215w\" sizes=\"auto, (max-width: 354px) 100vw, 354px\" \/><\/figure>\n<\/div>\n\n\n<p class=\"wp-block-paragraph\">Daniela Adomeit &#8211; Krankenschwester<\/p>\n\n\n\n<p class=\"wp-block-paragraph\"><em>Als neues Mitglied im Gemeinderat und aufgrund meines starken ehrenamtlichen Engagements im sozialen Bereich liegt mir die Unterst\u00fctzung von Vereinen und Hilfsorganisationen besonders am Herzen. Es ist mir wichtig, innovative Ideen zu entwickeln und umzusetzen sowie Barrieren abzubauen und die Integration zu f\u00f6rdern. Diese Ziele strebe ich aktiv an.<\/em><\/p>\n\n\n\n<div style=\"height:20px\" aria-hidden=\"true\" class=\"wp-block-spacer\"><\/div>\n\n\n<div class=\"wp-block-image\">\n<figure class=\"alignleft size-full is-resized\"><img loading=\"lazy\" decoding=\"async\" width=\"354\" height=\"494\" src=\"https:\/\/fwfe.de\/wordpress\/wp-content\/uploads\/2024\/08\/Berthold-Zaehringer.png\" alt=\"\" class=\"wp-image-1738\" style=\"width:200px\" srcset=\"https:\/\/fwfe.de\/wordpress\/wp-content\/uploads\/2024\/08\/Berthold-Zaehringer.png 354w, https:\/\/fwfe.de\/wordpress\/wp-content\/uploads\/2024\/08\/Berthold-Zaehringer-215x300.png 215w\" sizes=\"auto, (max-width: 354px) 100vw, 354px\" \/><\/figure>\n<\/div>\n\n\n<p class=\"wp-block-paragraph\">Berthold Z\u00e4hringer &#8211; Architekt<\/p>\n\n\n\n<p class=\"wp-block-paragraph\"><em>Die Stadtentwicklung geh\u00f6rt zu meinem Hauptinteresse im Gemeinderat, die Bauleitplanung, die Entwicklung von Wohnen und Gewerbe, aber auch der Umgang mit dem Klimawandel. Dazu geh\u00f6rt der Ausbau erneuerbarer Energien, aber auch der Hochwasserschutz. Stark am Herzen liegt mir auch die Betreuung und Unterbringung von Fl\u00fcchtlingen aus den vielen Krisengebieten der Welt. Das Gelingen der Integration dieser Menschen halte ich f\u00fcr eine wichtige gesellschaftliche Aufgabe auch im Blick auf den sozialen Frieden. Ich gehe die n\u00e4chsten 5 Jahre im Gemeinderat mit Zuversicht an.<\/em><\/p>\n\n\n\n<div style=\"height:20px\" aria-hidden=\"true\" class=\"wp-block-spacer\"><\/div>\n\n\n<div class=\"wp-block-image\">\n<figure class=\"alignleft size-full is-resized\"><img loading=\"lazy\" decoding=\"async\" width=\"354\" height=\"494\" src=\"https:\/\/fwfe.de\/wordpress\/wp-content\/uploads\/2024\/08\/Thilo-Florl.png\" alt=\"\" class=\"wp-image-1748\" style=\"width:200px\" srcset=\"https:\/\/fwfe.de\/wordpress\/wp-content\/uploads\/2024\/08\/Thilo-Florl.png 354w, https:\/\/fwfe.de\/wordpress\/wp-content\/uploads\/2024\/08\/Thilo-Florl-215x300.png 215w\" sizes=\"auto, (max-width: 354px) 100vw, 354px\" \/><\/figure>\n<\/div>\n\n\n<p class=\"wp-block-paragraph\">Thilo Florl<\/p>\n\n\n\n<div style=\"height:20px\" aria-hidden=\"true\" class=\"wp-block-spacer\"><\/div>\n\n\n<div class=\"wp-block-image\">\n<figure class=\"alignleft size-full is-resized\"><img loading=\"lazy\" decoding=\"async\" width=\"354\" height=\"494\" src=\"https:\/\/fwfe.de\/wordpress\/wp-content\/uploads\/2024\/08\/Daniela-Platow.png\" alt=\"\" class=\"wp-image-1741\" style=\"width:200px\" srcset=\"https:\/\/fwfe.de\/wordpress\/wp-content\/uploads\/2024\/08\/Daniela-Platow.png 354w, https:\/\/fwfe.de\/wordpress\/wp-content\/uploads\/2024\/08\/Daniela-Platow-215x300.png 215w\" sizes=\"auto, (max-width: 354px) 100vw, 354px\" \/><\/figure>\n<\/div>\n\n\n<p class=\"wp-block-paragraph\">Dr. Daniela Plathow<\/p>\n\n\n\n<p class=\"wp-block-paragraph\"><\/p>\n","protected":false},"excerpt":{"rendered":"<p>Neubau oder Modernisierung von Kinderg\u00e4rten, Hallen und Schulen; die Grundsteuer; Bebauung der Kaserne Nord und Ottostra\u00dfe; Seniorenwohnanlagen; Verkehr, Umweltschutz, Stadt- und Ortsteilentwicklung, Betreuung, Integration, Soziales und vieles mehr sind die Themen mit denen sich der Gemeinderat ab 2024 befassen wird.Im Ringen um die besten L\u00f6sungen f\u00fcr die Stadt und die B\u00fcrger werden Vorlagen gepr\u00fcft, Argumente [&hellip;]<\/p>\n","protected":false},"author":1,"featured_media":0,"parent":0,"menu_order":0,"comment_status":"closed","ping_status":"closed","template":"","meta":{"_crdt_document":"","footnotes":""},"class_list":["post-79","page","type-page","status-publish","hentry","missing-thumbnail"],"_links":{"self":[{"href":"https:\/\/fwfe.de\/wordpress\/wp-json\/wp\/v2\/pages\/79","targetHints":{"allow":["GET"]}}],"collection":[{"href":"https:\/\/fwfe.de\/wordpress\/wp-json\/wp\/v2\/pages"}],"about":[{"href":"https:\/\/fwfe.de\/wordpress\/wp-json\/wp\/v2\/types\/page"}],"author":[{"embeddable":true,"href":"https:\/\/fwfe.de\/wordpress\/wp-json\/wp\/v2\/users\/1"}],"replies":[{"embeddable":true,"href":"https:\/\/fwfe.de\/wordpress\/wp-json\/wp\/v2\/comments?post=79"}],"version-history":[{"count":131,"href":"https:\/\/fwfe.de\/wordpress\/wp-json\/wp\/v2\/pages\/79\/revisions"}],"predecessor-version":[{"id":1830,"href":"https:\/\/fwfe.de\/wordpress\/wp-json\/wp\/v2\/pages\/79\/revisions\/1830"}],"wp:attachment":[{"href":"https:\/\/fwfe.de\/wordpress\/wp-json\/wp\/v2\/media?parent=79"}],"curies":[{"name":"wp","href":"https:\/\/api.w.org\/{rel}","templated":true}]}}