{"id":70,"date":"2018-12-01T12:39:40","date_gmt":"2018-12-01T11:39:40","guid":{"rendered":"https:\/\/fwfe.de\/wordpress\/?page_id=70"},"modified":"2022-10-04T13:04:58","modified_gmt":"2022-10-04T12:04:58","slug":"impressum","status":"publish","type":"page","link":"https:\/\/fwfe.de\/wordpress\/impressum\/","title":{"rendered":"Impressum"},"content":{"rendered":"<hr \/>\r\n<p class=\"wp-block-paragraph\"><strong>Gruppierung &#8222;f\u00fcr Ettlingen&#8220;:<\/strong><br \/>F\u00fcr Ettlingen &#8211; FE e.V. &#8211; unabh\u00e4ngige W\u00e4hlervereinigung &#8211;<\/p>\r\n<p><strong>Ansprechpartner:<\/strong><br \/><strong>Vorsitzender:<\/strong> Herbert Rebmann, Ettlingen<br \/><strong>Stellvertr. Vorsitzender:<\/strong> Dr. Birgit Eyselen, Ettlingen<br \/><strong>Stellvertr. Vorsitzender:<\/strong> Fabrizio Penella, Ettlingen<\/p>\r\n<p><strong>Adresse:<\/strong><br \/>Gottfried-Keller-Str. 7 | 76275 Ettlingen | Tel: 0177 2541885 | Email: info[at]fwfe.de<\/p>\r\n<p><strong>Amtsgericht:<\/strong> Registernummer VR 360823, Amtsgericht Mannheim<br \/><strong>Verantwortlich gem. TDG\/MDStV:<\/strong> Herbert Rebmann<\/p>\r\n<hr \/>\r\n<p><strong>Gruppierung &#8222;Frei W\u00e4hler&#8220;:<br \/><\/strong>Freie W\u00e4hler Ettlingen e.V.<\/p>\r\n<p><strong>Ansprechpartner:<br \/><\/strong><strong>Vorsitzender:<\/strong> Berthold Z\u00e4hringer<\/p>\r\n<p><strong>Adresse:<\/strong><br \/>Ettlinger Stra\u00dfe 8<br \/>76275 Ettlingen<br \/>Email: info[at]fwfe.de<\/p>\r\n<hr \/>\r\n<p>Redaktionell Verantwortlich: Herbert Rebmann, Berthold Z\u00e4hringer<br \/>Technisch Verantwortlich: Steffen Schreiber, J\u00f6rg Friedrich<br \/>Hosting: Strato Web Hosting<\/p>\r\n<p>&nbsp;<\/p>\r\n","protected":false},"excerpt":{"rendered":"<p>Gruppierung &#8222;f\u00fcr Ettlingen&#8220;:F\u00fcr Ettlingen &#8211; FE e.V. &#8211; unabh\u00e4ngige W\u00e4hlervereinigung &#8211; Ansprechpartner:Vorsitzender: Herbert Rebmann, EttlingenStellvertr. Vorsitzender: Dr. Birgit Eyselen, EttlingenStellvertr. Vorsitzender: Fabrizio Penella, Ettlingen Adresse:Gottfried-Keller-Str. 7 | 76275 Ettlingen | Tel: 0177 2541885 | Email: info[at]fwfe.de Amtsgericht: Registernummer VR 360823, Amtsgericht MannheimVerantwortlich gem. TDG\/MDStV: Herbert Rebmann Gruppierung &#8222;Frei W\u00e4hler&#8220;:Freie W\u00e4hler Ettlingen e.V. Ansprechpartner:Vorsitzender: Berthold Z\u00e4hringer [&hellip;]<\/p>\n","protected":false},"author":1,"featured_media":0,"parent":0,"menu_order":2,"comment_status":"closed","ping_status":"closed","template":"","meta":{"_crdt_document":"","footnotes":""},"class_list":["post-70","page","type-page","status-publish","hentry","missing-thumbnail"],"_links":{"self":[{"href":"https:\/\/fwfe.de\/wordpress\/wp-json\/wp\/v2\/pages\/70","targetHints":{"allow":["GET"]}}],"collection":[{"href":"https:\/\/fwfe.de\/wordpress\/wp-json\/wp\/v2\/pages"}],"about":[{"href":"https:\/\/fwfe.de\/wordpress\/wp-json\/wp\/v2\/types\/page"}],"author":[{"embeddable":true,"href":"https:\/\/fwfe.de\/wordpress\/wp-json\/wp\/v2\/users\/1"}],"replies":[{"embeddable":true,"href":"https:\/\/fwfe.de\/wordpress\/wp-json\/wp\/v2\/comments?post=70"}],"version-history":[{"count":6,"href":"https:\/\/fwfe.de\/wordpress\/wp-json\/wp\/v2\/pages\/70\/revisions"}],"predecessor-version":[{"id":1175,"href":"https:\/\/fwfe.de\/wordpress\/wp-json\/wp\/v2\/pages\/70\/revisions\/1175"}],"wp:attachment":[{"href":"https:\/\/fwfe.de\/wordpress\/wp-json\/wp\/v2\/media?parent=70"}],"curies":[{"name":"wp","href":"https:\/\/api.w.org\/{rel}","templated":true}]}}