{"id":651,"date":"2019-04-03T18:14:56","date_gmt":"2019-04-03T17:14:56","guid":{"rendered":"https:\/\/fwfe.de\/wordpress\/?page_id=651"},"modified":"2024-08-10T14:45:11","modified_gmt":"2024-08-10T13:45:11","slug":"ortschaftsrat-spessart-und-schluttenbach","status":"publish","type":"page","link":"https:\/\/fwfe.de\/wordpress\/ortschaftsrat-spessart-und-schluttenbach\/","title":{"rendered":"Ortschaftsrat Spessart und Schluttenbach"},"content":{"rendered":"\n<p class=\"wp-block-paragraph\">Leider ist es uns zur Kommunalwahl 2024 nicht gelungen, f\u00fcr Spessart und Schluttenbach Kandidaten zu finden. Wir w\u00fcrden uns sehr freuen, wenn wir Ihr Interesse an der politischen Arbeit im Ortsteil und der Stadt wecken.<\/p>\n\n\n\n<p class=\"wp-block-paragraph\">Wir treffen uns regelm\u00e4\u00dfig am 2. Donnerstag im Monat zu einem Stammtisch in der Luisenstube, Sch\u00f6llbronnerstra\u00dfe. Es w\u00e4re sch\u00f6n, Sie dort demn\u00e4chst begr\u00fc\u00dfen zu d\u00fcrfen. Sie k\u00f6nnen uns aber auch einfach eine E-Mail Schreiben: <a href=\"mailto: info@fwfe.de\">mailto: info@fwfe.de<\/a><\/p>\n\n\n\n<p class=\"wp-block-paragraph\"><a href=\"https:\/\/fwfe.de\/wordpress\/?page_id=105\">&lt;&lt; zur\u00fcck<\/a><\/p>\n\n\n\n<p class=\"wp-block-paragraph\"><\/p>\n","protected":false},"excerpt":{"rendered":"<p>Leider ist es uns zur Kommunalwahl 2024 nicht gelungen, f\u00fcr Spessart und Schluttenbach Kandidaten zu finden. Wir w\u00fcrden uns sehr freuen, wenn wir Ihr Interesse an der politischen Arbeit im Ortsteil und der Stadt wecken. Wir treffen uns regelm\u00e4\u00dfig am 2. Donnerstag im Monat zu einem Stammtisch in der Luisenstube, Sch\u00f6llbronnerstra\u00dfe. Es w\u00e4re sch\u00f6n, Sie [&hellip;]<\/p>\n","protected":false},"author":1,"featured_media":0,"parent":0,"menu_order":0,"comment_status":"closed","ping_status":"closed","template":"","meta":{"_crdt_document":"","footnotes":""},"class_list":["post-651","page","type-page","status-publish","hentry","missing-thumbnail"],"_links":{"self":[{"href":"https:\/\/fwfe.de\/wordpress\/wp-json\/wp\/v2\/pages\/651","targetHints":{"allow":["GET"]}}],"collection":[{"href":"https:\/\/fwfe.de\/wordpress\/wp-json\/wp\/v2\/pages"}],"about":[{"href":"https:\/\/fwfe.de\/wordpress\/wp-json\/wp\/v2\/types\/page"}],"author":[{"embeddable":true,"href":"https:\/\/fwfe.de\/wordpress\/wp-json\/wp\/v2\/users\/1"}],"replies":[{"embeddable":true,"href":"https:\/\/fwfe.de\/wordpress\/wp-json\/wp\/v2\/comments?post=651"}],"version-history":[{"count":6,"href":"https:\/\/fwfe.de\/wordpress\/wp-json\/wp\/v2\/pages\/651\/revisions"}],"predecessor-version":[{"id":1810,"href":"https:\/\/fwfe.de\/wordpress\/wp-json\/wp\/v2\/pages\/651\/revisions\/1810"}],"wp:attachment":[{"href":"https:\/\/fwfe.de\/wordpress\/wp-json\/wp\/v2\/media?parent=651"}],"curies":[{"name":"wp","href":"https:\/\/api.w.org\/{rel}","templated":true}]}}