{"id":555,"date":"2019-03-22T08:50:48","date_gmt":"2019-03-22T07:50:48","guid":{"rendered":"https:\/\/fwfe.de\/wordpress\/?page_id=555"},"modified":"2024-08-10T14:52:31","modified_gmt":"2024-08-10T13:52:31","slug":"oberweier","status":"publish","type":"page","link":"https:\/\/fwfe.de\/wordpress\/oberweier\/","title":{"rendered":"Oberweier"},"content":{"rendered":"\n<h3 class=\"wp-block-heading\">Stadtteil Oberweier<\/h3>\n\n\n\n<p class=\"wp-block-paragraph\">Im Ettlinger Ortsteil Oberweier stehen in Zukunft etliche Vorhaben und Projekte an: Erweiterung bzw. Modernisierung von Kindergarten und Schule, seniorengerechtes Wohnen im Neubaugebiet \u201eG\u00e4ssel\u00e4cker\u201c, Sanierung von Waldsaumhalle und Dorfplatz, Verbesserung der Busverbindungen etc..<br>Neben dem Gemeinderat wird sich auch der Ortschaftsrat damit befassen und richtungsweisende Entscheidungen treffen.<br>Die Vertreter von fwfe \u2013 \u201eFreie W\u00e4hler\u201c und \u201eF\u00fcr Ettlingen\u201c stehen daf\u00fcr, im Interesse der B\u00fcrger von Oberweier mitzuentscheiden. Dabei werden wir uns mit demokratischen Mitteln f\u00fcr die jeweils beste L\u00f6sung einsetzen.<br>Auch jenseits der politischen Gremien engagieren sich die Vertreter der gemeinsamen fwfe-Fraktion f\u00fcr ein vitales Ortsteilleben in Oberweier \u2013 die weitere Integration unserer neuen Mitb\u00fcrger aus den \u201eG\u00e4ssel\u00e4ckern\u201c und Unterst\u00fctzung des aktiven und vielgestaltigen Vereinslebens.<br>Unsere Kandidaten \u2013 Torsten Schekat und Sibylle Eimer-Brede \u2013 wollen auch im k\u00fcnftigen Ortschaftsrat eine starke Kraft sein. Dabei k\u00f6nnen sie sich der Unterst\u00fctzung der Vertreter von fwfe im Gemeinderat der Stadt sicher sein.<\/p>\n\n\n\n<h2 class=\"wp-block-heading\">Ihre <span style=\"color: #0000ff;\">fw<\/span><span style=\"color: #ff6600;\">fe<\/span> Ortschaftsr\u00e4te<\/h2>\n\n\n<div class=\"wp-block-image\">\n<figure class=\"alignleft size-full is-resized\"><img loading=\"lazy\" decoding=\"async\" width=\"354\" height=\"493\" src=\"https:\/\/fwfe.de\/wordpress\/wp-content\/uploads\/2024\/08\/Torsten-Schekat.png\" alt=\"\" class=\"wp-image-1749\" style=\"width:180px\" srcset=\"https:\/\/fwfe.de\/wordpress\/wp-content\/uploads\/2024\/08\/Torsten-Schekat.png 354w, https:\/\/fwfe.de\/wordpress\/wp-content\/uploads\/2024\/08\/Torsten-Schekat-215x300.png 215w\" sizes=\"auto, (max-width: 354px) 100vw, 354px\" \/><\/figure>\n<\/div>\n\n\n<p class=\"wp-block-paragraph\"><br>Torsten Schekat &#8211; Diplom-Ingenieur<br><br>Ich m\u00f6chte dazu beitragen, dass unser Ortsteil Oberweier als Mehrgenerationen-Ort auch mittel- und langfristig einer gesicherten Zukunft entgegen sieht. Zudem ist mir wichtig, das zeitgem\u00e4\u00dfe Selbstverst\u00e4ndnis der Ettlinger Ortsteile weiter zu entwickeln.<br><\/p>\n\n\n\n<div style=\"height:10px\" aria-hidden=\"true\" class=\"wp-block-spacer\"><\/div>\n\n\n<div class=\"wp-block-image\">\n<figure class=\"alignleft size-full is-resized\"><img loading=\"lazy\" decoding=\"async\" width=\"354\" height=\"493\" src=\"https:\/\/fwfe.de\/wordpress\/wp-content\/uploads\/2024\/08\/Katharina-Jaime-Saucedo.png\" alt=\"\" class=\"wp-image-1745\" style=\"width:180px\" srcset=\"https:\/\/fwfe.de\/wordpress\/wp-content\/uploads\/2024\/08\/Katharina-Jaime-Saucedo.png 354w, https:\/\/fwfe.de\/wordpress\/wp-content\/uploads\/2024\/08\/Katharina-Jaime-Saucedo-215x300.png 215w\" sizes=\"auto, (max-width: 354px) 100vw, 354px\" \/><\/figure>\n<\/div>\n\n\n<p class=\"wp-block-paragraph\"><br>Katharina Jaime Saucedo &#8211; \u00c4rztin<\/p>\n\n\n\n<div style=\"height:10px\" aria-hidden=\"true\" class=\"wp-block-spacer\"><\/div>\n\n\n\n<p class=\"wp-block-paragraph\"><a href=\"https:\/\/fwfe.de\/wordpress\/?page_id=105\">&lt;&lt; zur\u00fcck<\/a><\/p>\n","protected":false},"excerpt":{"rendered":"<p>Stadtteil Oberweier Im Ettlinger Ortsteil Oberweier stehen in Zukunft etliche Vorhaben und Projekte an: Erweiterung bzw. Modernisierung von Kindergarten und Schule, seniorengerechtes Wohnen im Neubaugebiet \u201eG\u00e4ssel\u00e4cker\u201c, Sanierung von Waldsaumhalle und Dorfplatz, Verbesserung der Busverbindungen etc..Neben dem Gemeinderat wird sich auch der Ortschaftsrat damit befassen und richtungsweisende Entscheidungen treffen.Die Vertreter von fwfe \u2013 \u201eFreie W\u00e4hler\u201c und [&hellip;]<\/p>\n","protected":false},"author":1,"featured_media":0,"parent":0,"menu_order":0,"comment_status":"closed","ping_status":"closed","template":"","meta":{"_crdt_document":"","footnotes":""},"class_list":["post-555","page","type-page","status-publish","hentry","missing-thumbnail"],"_links":{"self":[{"href":"https:\/\/fwfe.de\/wordpress\/wp-json\/wp\/v2\/pages\/555","targetHints":{"allow":["GET"]}}],"collection":[{"href":"https:\/\/fwfe.de\/wordpress\/wp-json\/wp\/v2\/pages"}],"about":[{"href":"https:\/\/fwfe.de\/wordpress\/wp-json\/wp\/v2\/types\/page"}],"author":[{"embeddable":true,"href":"https:\/\/fwfe.de\/wordpress\/wp-json\/wp\/v2\/users\/1"}],"replies":[{"embeddable":true,"href":"https:\/\/fwfe.de\/wordpress\/wp-json\/wp\/v2\/comments?post=555"}],"version-history":[{"count":16,"href":"https:\/\/fwfe.de\/wordpress\/wp-json\/wp\/v2\/pages\/555\/revisions"}],"predecessor-version":[{"id":1812,"href":"https:\/\/fwfe.de\/wordpress\/wp-json\/wp\/v2\/pages\/555\/revisions\/1812"}],"wp:attachment":[{"href":"https:\/\/fwfe.de\/wordpress\/wp-json\/wp\/v2\/media?parent=555"}],"curies":[{"name":"wp","href":"https:\/\/api.w.org\/{rel}","templated":true}]}}