{"id":431,"date":"2019-03-15T09:08:41","date_gmt":"2019-03-15T08:08:41","guid":{"rendered":"https:\/\/fwfe.de\/wordpress\/?page_id=431"},"modified":"2024-08-10T14:33:09","modified_gmt":"2024-08-10T13:33:09","slug":"bruchhausen","status":"publish","type":"page","link":"https:\/\/fwfe.de\/wordpress\/bruchhausen\/","title":{"rendered":"Bruchhausen"},"content":{"rendered":"\n<h3 class=\"wp-block-heading\">Stadtteil Bruchhausen<\/h3>\n\n\n\n<p class=\"wp-block-paragraph\">Wir wollen den 9 KM-Rundweg <strong>\u201eTour de Bruchhausen\u201c<\/strong> f\u00fcr Jung und Alt attraktiver gestalten. Regelm\u00e4\u00dfige Pflege, sowie B\u00e4nke, Spiel- und Fitnessger\u00e4te helfen. Gastronomie und Lebensmittelversorgung sollen gef\u00f6rdert werden. Leerstehende Wohnh\u00e4user sollen in st\u00e4dtischer Regie als Wohnung nutzbar gemacht werden. Die Verkehrssituation an der Einfahrt zur B3 muss besser werden. Wir haben durch das kollegiale und guten Miteinander im Ortschaftsrat viel erreicht.<\/p>\n\n\n\n<h2 class=\"wp-block-heading\">Ihre <span style=\"color: #0000ff;\">fw<\/span><span style=\"color: #ff6600;\">fe<\/span> Ortschaftsr\u00e4te<\/h2>\n\n\n\n<div class=\"wp-block-columns is-layout-flex wp-container-core-columns-is-layout-8f761849 wp-block-columns-is-layout-flex\">\n<div class=\"wp-block-column is-layout-flow wp-block-column-is-layout-flow\">\n<figure class=\"wp-block-image size-full\"><img loading=\"lazy\" decoding=\"async\" width=\"250\" height=\"375\" src=\"https:\/\/fwfe.de\/wordpress\/wp-content\/uploads\/2019\/04\/benigno_baroni.jpg\" alt=\"\" class=\"wp-image-638\" srcset=\"https:\/\/fwfe.de\/wordpress\/wp-content\/uploads\/2019\/04\/benigno_baroni.jpg 250w, https:\/\/fwfe.de\/wordpress\/wp-content\/uploads\/2019\/04\/benigno_baroni-200x300.jpg 200w\" sizes=\"auto, (max-width: 250px) 100vw, 250px\" \/><figcaption class=\"wp-element-caption\">Benigno Baroni<\/figcaption><\/figure>\n<\/div>\n\n\n\n<div class=\"wp-block-column is-layout-flow wp-block-column-is-layout-flow\"><\/div>\n\n\n\n<div class=\"wp-block-column is-layout-flow wp-block-column-is-layout-flow\"><\/div>\n<\/div>\n\n\n\n<p class=\"wp-block-paragraph\"><a href=\"https:\/\/fwfe.de\/wordpress\/?page_id=105\">&lt;&lt; zur\u00fcck<\/a><\/p>\n","protected":false},"excerpt":{"rendered":"<p>Stadtteil Bruchhausen Wir wollen den 9 KM-Rundweg \u201eTour de Bruchhausen\u201c f\u00fcr Jung und Alt attraktiver gestalten. Regelm\u00e4\u00dfige Pflege, sowie B\u00e4nke, Spiel- und Fitnessger\u00e4te helfen. Gastronomie und Lebensmittelversorgung sollen gef\u00f6rdert werden. Leerstehende Wohnh\u00e4user sollen in st\u00e4dtischer Regie als Wohnung nutzbar gemacht werden. Die Verkehrssituation an der Einfahrt zur B3 muss besser werden. Wir haben durch das [&hellip;]<\/p>\n","protected":false},"author":1,"featured_media":0,"parent":0,"menu_order":0,"comment_status":"closed","ping_status":"closed","template":"","meta":{"_crdt_document":"","footnotes":""},"class_list":["post-431","page","type-page","status-publish","hentry","missing-thumbnail"],"_links":{"self":[{"href":"https:\/\/fwfe.de\/wordpress\/wp-json\/wp\/v2\/pages\/431","targetHints":{"allow":["GET"]}}],"collection":[{"href":"https:\/\/fwfe.de\/wordpress\/wp-json\/wp\/v2\/pages"}],"about":[{"href":"https:\/\/fwfe.de\/wordpress\/wp-json\/wp\/v2\/types\/page"}],"author":[{"embeddable":true,"href":"https:\/\/fwfe.de\/wordpress\/wp-json\/wp\/v2\/users\/1"}],"replies":[{"embeddable":true,"href":"https:\/\/fwfe.de\/wordpress\/wp-json\/wp\/v2\/comments?post=431"}],"version-history":[{"count":33,"href":"https:\/\/fwfe.de\/wordpress\/wp-json\/wp\/v2\/pages\/431\/revisions"}],"predecessor-version":[{"id":1802,"href":"https:\/\/fwfe.de\/wordpress\/wp-json\/wp\/v2\/pages\/431\/revisions\/1802"}],"wp:attachment":[{"href":"https:\/\/fwfe.de\/wordpress\/wp-json\/wp\/v2\/media?parent=431"}],"curies":[{"name":"wp","href":"https:\/\/api.w.org\/{rel}","templated":true}]}}