{"id":1500,"date":"2024-03-21T10:33:51","date_gmt":"2024-03-21T09:33:51","guid":{"rendered":"https:\/\/fwfe.de\/wordpress\/?page_id=1500"},"modified":"2024-03-21T10:40:19","modified_gmt":"2024-03-21T09:40:19","slug":"der-verein-baustelle","status":"publish","type":"page","link":"https:\/\/fwfe.de\/wordpress\/der-verein-baustelle\/","title":{"rendered":"Der Verein"},"content":{"rendered":"<p><span style=\"color: #ff6600;\"><strong><span style=\"color: #000000;\">Willkommen bei der Unabh\u00e4ngigen W\u00e4hlervereinigung<\/span><br \/>\n&#8222;F\u00fcr Ettlingen &#8211; FE e.V.&#8220;<\/strong><\/span><\/p>\n<p>Wir freuen uns \u00fcber Ihr Interesse an unserer Arbeit und d\u00fcrfen uns kurz vorstellen:<\/p>\n<p>Stand 21.3.2024:<br \/>\n<em>Diese Seite wird \u00fcberarbeitet, bitte besuchen Sie uns in ein paar Tagen erneut.<\/em><\/p>\n<p>&nbsp;<\/p>\n","protected":false},"excerpt":{"rendered":"<p>Willkommen bei der Unabh\u00e4ngigen W\u00e4hlervereinigung &#8222;F\u00fcr Ettlingen &#8211; FE e.V.&#8220; Wir freuen uns \u00fcber Ihr Interesse an unserer Arbeit und d\u00fcrfen uns kurz vorstellen: Stand 21.3.2024: Diese Seite wird \u00fcberarbeitet, bitte besuchen Sie uns in ein paar Tagen erneut. &nbsp;<\/p>\n","protected":false},"author":1,"featured_media":0,"parent":0,"menu_order":0,"comment_status":"closed","ping_status":"closed","template":"","meta":{"_crdt_document":"","footnotes":""},"class_list":["post-1500","page","type-page","status-publish","hentry","missing-thumbnail"],"_links":{"self":[{"href":"https:\/\/fwfe.de\/wordpress\/wp-json\/wp\/v2\/pages\/1500","targetHints":{"allow":["GET"]}}],"collection":[{"href":"https:\/\/fwfe.de\/wordpress\/wp-json\/wp\/v2\/pages"}],"about":[{"href":"https:\/\/fwfe.de\/wordpress\/wp-json\/wp\/v2\/types\/page"}],"author":[{"embeddable":true,"href":"https:\/\/fwfe.de\/wordpress\/wp-json\/wp\/v2\/users\/1"}],"replies":[{"embeddable":true,"href":"https:\/\/fwfe.de\/wordpress\/wp-json\/wp\/v2\/comments?post=1500"}],"version-history":[{"count":4,"href":"https:\/\/fwfe.de\/wordpress\/wp-json\/wp\/v2\/pages\/1500\/revisions"}],"predecessor-version":[{"id":1505,"href":"https:\/\/fwfe.de\/wordpress\/wp-json\/wp\/v2\/pages\/1500\/revisions\/1505"}],"wp:attachment":[{"href":"https:\/\/fwfe.de\/wordpress\/wp-json\/wp\/v2\/media?parent=1500"}],"curies":[{"name":"wp","href":"https:\/\/api.w.org\/{rel}","templated":true}]}}