{"id":1177,"date":"2022-10-10T10:30:48","date_gmt":"2022-10-10T09:30:48","guid":{"rendered":"https:\/\/fwfe.de\/wordpress\/?page_id=1177"},"modified":"2025-10-31T18:34:44","modified_gmt":"2025-10-31T17:34:44","slug":"der-feev-vorstand","status":"publish","type":"page","link":"https:\/\/fwfe.de\/wordpress\/der-feev-vorstand\/","title":{"rendered":"Der FE-Vorstand"},"content":{"rendered":"<div class=\"wp-block-image\">\n<figure class=\"alignleft is-resized\"><img loading=\"lazy\" decoding=\"async\" width=\"1407\" height=\"2110\" src=\"https:\/\/fwfe.de\/wordpress\/wp-content\/uploads\/2022\/10\/Herbert_Rebmann_kl.jpg\" alt=\"\" class=\"wp-image-1198\" style=\"width:180px\" srcset=\"https:\/\/fwfe.de\/wordpress\/wp-content\/uploads\/2022\/10\/Herbert_Rebmann_kl.jpg 1407w, https:\/\/fwfe.de\/wordpress\/wp-content\/uploads\/2022\/10\/Herbert_Rebmann_kl-200x300.jpg 200w, https:\/\/fwfe.de\/wordpress\/wp-content\/uploads\/2022\/10\/Herbert_Rebmann_kl-683x1024.jpg 683w, https:\/\/fwfe.de\/wordpress\/wp-content\/uploads\/2022\/10\/Herbert_Rebmann_kl-768x1152.jpg 768w, https:\/\/fwfe.de\/wordpress\/wp-content\/uploads\/2022\/10\/Herbert_Rebmann_kl-1024x1536.jpg 1024w, https:\/\/fwfe.de\/wordpress\/wp-content\/uploads\/2022\/10\/Herbert_Rebmann_kl-1366x2048.jpg 1366w, https:\/\/fwfe.de\/wordpress\/wp-content\/uploads\/2022\/10\/Herbert_Rebmann_kl-400x600.jpg 400w, https:\/\/fwfe.de\/wordpress\/wp-content\/uploads\/2022\/10\/Herbert_Rebmann_kl-800x1200.jpg 800w\" sizes=\"auto, (max-width: 1407px) 100vw, 1407px\" \/><\/figure>\n<\/div>\n\n\n<p class=\"wp-block-paragraph\">Herbert Rebmann, Vorsitzender<\/p>\n\n\n\n<p class=\"wp-block-paragraph\"><strong>Zur Person:<\/strong> Geb. 1961, 3 Kinder, Rechtsanwalt. Von 2004 bis 2009 Mitglied des Gemeinderates und des Kreistages, von 2016 bis 2019 erneut Mitglied des Gemeinderates.<\/p>\n\n\n\n<p class=\"wp-block-paragraph\">&#8222;Ich m\u00f6chte Unternehmen mit sicheren Arbeitspl\u00e4tzen in Ettlingen ansiedeln, um weiter in Krippen, Kinderg\u00e4rten und Schulen f\u00fcr unsere Kinder investieren zu k\u00f6nnen. Deshalb d\u00fcrfen wir unsere knappen Gewerbegrundst\u00fccke nur an solche Betriebe vergeben.<br>Zudem m\u00f6chte ich die Energieversorgung in Ettlingen m\u00f6glichst umweltfreundlich und zugleich krisensicher modernisieren.&#8220;<\/p>\n\n\n\n<div style=\"height:20px\" aria-hidden=\"true\" class=\"wp-block-spacer\"><\/div>\n\n\n<div class=\"wp-block-image\">\n<figure class=\"alignleft size-large is-resized\"><img loading=\"lazy\" decoding=\"async\" width=\"737\" height=\"1024\" src=\"https:\/\/fwfe.de\/wordpress\/wp-content\/uploads\/2025\/10\/IMG_9122-300dpi-1-1-737x1024.jpg\" alt=\"\" class=\"wp-image-1966\" style=\"aspect-ratio:0.7197120975898679;width:189px;height:auto\" srcset=\"https:\/\/fwfe.de\/wordpress\/wp-content\/uploads\/2025\/10\/IMG_9122-300dpi-1-1-737x1024.jpg 737w, https:\/\/fwfe.de\/wordpress\/wp-content\/uploads\/2025\/10\/IMG_9122-300dpi-1-1-216x300.jpg 216w, https:\/\/fwfe.de\/wordpress\/wp-content\/uploads\/2025\/10\/IMG_9122-300dpi-1-1-768x1067.jpg 768w, https:\/\/fwfe.de\/wordpress\/wp-content\/uploads\/2025\/10\/IMG_9122-300dpi-1-1-1106x1536.jpg 1106w, https:\/\/fwfe.de\/wordpress\/wp-content\/uploads\/2025\/10\/IMG_9122-300dpi-1-1-1474x2048.jpg 1474w, https:\/\/fwfe.de\/wordpress\/wp-content\/uploads\/2025\/10\/IMG_9122-300dpi-1-1-1870x2598.jpg 1870w, https:\/\/fwfe.de\/wordpress\/wp-content\/uploads\/2025\/10\/IMG_9122-300dpi-1-1-400x556.jpg 400w, https:\/\/fwfe.de\/wordpress\/wp-content\/uploads\/2025\/10\/IMG_9122-300dpi-1-1-800x1112.jpg 800w, https:\/\/fwfe.de\/wordpress\/wp-content\/uploads\/2025\/10\/IMG_9122-300dpi-1-1-scaled.jpg 1843w\" sizes=\"auto, (max-width: 737px) 100vw, 737px\" \/><\/figure>\n<\/div>\n\n\n<p class=\"wp-block-paragraph\">Dr. Birgit Eyselen, stellvertretende Vorsitzende<\/p>\n\n\n\n<p class=\"wp-block-paragraph\"><strong>Zur Person<\/strong>: Verheiratet, 2 Kinder, Kinder- und Jugend\u00e4rztin,wohnhaft in Ettlingen, seit 2004 FE-Gemeinder\u00e4tin in Ettlingen.<\/p>\n\n\n\n<p class=\"wp-block-paragraph\">&#8222;Mein Credo hei\u00dft, \u201eBildung \u00f6ffnet T\u00fcren\u201c und daran m\u00f6chte ich mit FE weiter arbeiten. Ich stehe f\u00fcr den Ausbau der Kleinkindbetreuung, die fr\u00fche Bildung in Krippen und Kinderg\u00e4rten einschlie\u00dflich der Sprachf\u00f6rderung sowie Vereinbarkeit von Familie und Beruf.&#8220;<\/p>\n\n\n\n<div style=\"height:20px\" aria-hidden=\"true\" class=\"wp-block-spacer\"><\/div>\n\n\n<div class=\"wp-block-image\">\n<figure class=\"alignleft is-resized\"><img loading=\"lazy\" decoding=\"async\" width=\"250\" height=\"375\" src=\"https:\/\/fwfe.de\/wordpress\/wp-content\/uploads\/2022\/10\/fabrizio_penella_neu.jpg\" alt=\"\" class=\"wp-image-1196\" style=\"width:180px\" srcset=\"https:\/\/fwfe.de\/wordpress\/wp-content\/uploads\/2022\/10\/fabrizio_penella_neu.jpg 250w, https:\/\/fwfe.de\/wordpress\/wp-content\/uploads\/2022\/10\/fabrizio_penella_neu-200x300.jpg 200w\" sizes=\"auto, (max-width: 250px) 100vw, 250px\" \/><\/figure>\n<\/div>\n\n\n<p class=\"wp-block-paragraph\">Fabrizio Pennella, stellvertretender Vorsitzender<\/p>\n\n\n\n<p class=\"wp-block-paragraph\"><strong>Zur Person:<\/strong> Geb. 1977, verheiratet, Dipl.-Wirtsch.-Ing. (FH), wohnhaft in Ettlingen seit 2003.<\/p>\n\n\n\n<p class=\"wp-block-paragraph\">&#8222;Ich m\u00f6chte das Leben an meinem Wohnort aktiv mitgestalten und FE gibt mir die Chance dazu. Ein aktives Stadtmarketing soll noch mehr Menschen f\u00fcr die liebenswerte Stadt Ettlingen begeistern. Investitionen in unsere Jugend sichern die Zukunft Ettlingens.&#8220;<\/p>\n\n\n\n<div style=\"height:10px\" aria-hidden=\"true\" class=\"wp-block-spacer\"><\/div>\n\n\n\n<hr class=\"wp-block-separator has-alpha-channel-opacity is-style-wide\"\/>\n\n\n\n<h2 class=\"wp-block-heading\">Erweiterter Vorstand<\/h2>\n\n\n<div class=\"wp-block-image\">\n<figure class=\"alignleft is-resized\"><img loading=\"lazy\" decoding=\"async\" width=\"250\" height=\"375\" src=\"https:\/\/fwfe.de\/wordpress\/wp-content\/uploads\/2022\/10\/sabine_meier_neu.jpg\" alt=\"\" class=\"wp-image-1201\" style=\"width:180px\" srcset=\"https:\/\/fwfe.de\/wordpress\/wp-content\/uploads\/2022\/10\/sabine_meier_neu.jpg 250w, https:\/\/fwfe.de\/wordpress\/wp-content\/uploads\/2022\/10\/sabine_meier_neu-200x300.jpg 200w\" sizes=\"auto, (max-width: 250px) 100vw, 250px\" \/><\/figure>\n<\/div>\n\n\n<p class=\"wp-block-paragraph\">Sabine Meier, Schriftf\u00fchrerin<\/p>\n\n\n\n<p class=\"wp-block-paragraph\"><strong>Zur Person: <\/strong>Geb. 1955, ledig, Briefzustellerin und freie Mitarbeiterin in einer Werbeagentur, geb. in Berlin, seit 1986 in Baden, seit 2003 in Ettlingen, Schriftf\u00fchrerin bei FE.<\/p>\n\n\n\n<p class=\"wp-block-paragraph\">&#8222;Ich m\u00f6chte dazu beitragen, dass Ettlingen seinem Anspruch einer fahrradfreundlichen Stadt gerecht wird.&#8220;<\/p>\n\n\n\n<div style=\"height:20px\" aria-hidden=\"true\" class=\"wp-block-spacer\"><\/div>\n\n\n<div class=\"wp-block-image\">\n<figure class=\"alignleft is-resized\"><img loading=\"lazy\" decoding=\"async\" width=\"250\" height=\"375\" src=\"https:\/\/fwfe.de\/wordpress\/wp-content\/uploads\/2022\/10\/daniel_rehfuss.jpg\" alt=\"\" class=\"wp-image-1193\" style=\"width:180px\" srcset=\"https:\/\/fwfe.de\/wordpress\/wp-content\/uploads\/2022\/10\/daniel_rehfuss.jpg 250w, https:\/\/fwfe.de\/wordpress\/wp-content\/uploads\/2022\/10\/daniel_rehfuss-200x300.jpg 200w\" sizes=\"auto, (max-width: 250px) 100vw, 250px\" \/><\/figure>\n<\/div>\n\n\n<p class=\"wp-block-paragraph\">Daniel Rehfu\u00df, Schatzmeister<\/p>\n\n\n\n<p class=\"wp-block-paragraph\"><strong>Zur Person: <\/strong>Geb. 1976, verheiratet, Krankenpfleger, wohnhaft in Ettlingen (Kernstadt).&nbsp;<\/p>\n\n\n\n<div style=\"height:20px\" aria-hidden=\"true\" class=\"wp-block-spacer\"><\/div>\n\n\n<div class=\"wp-block-image\">\n<figure class=\"alignleft is-resized\"><img loading=\"lazy\" decoding=\"async\" width=\"250\" height=\"375\" src=\"https:\/\/fwfe.de\/wordpress\/wp-content\/uploads\/2022\/10\/daniela_adomeit_neu.jpg\" alt=\"\" class=\"wp-image-1194\" style=\"width:180px\" srcset=\"https:\/\/fwfe.de\/wordpress\/wp-content\/uploads\/2022\/10\/daniela_adomeit_neu.jpg 250w, https:\/\/fwfe.de\/wordpress\/wp-content\/uploads\/2022\/10\/daniela_adomeit_neu-200x300.jpg 200w\" sizes=\"auto, (max-width: 250px) 100vw, 250px\" \/><\/figure>\n<\/div>\n\n\n<p class=\"wp-block-paragraph\">Daniela Adomeit, Pressereferentin<\/p>\n\n\n\n<p class=\"wp-block-paragraph\"><strong>Zur Person: <\/strong>Geb. 1979, verheiratet, Krankenschwester, Kontaktgruppenleitung und Sprecherin der Jungen Initiative der AMSEL Karlsbad-Ettlingen, Mitglied der Agendagruppe Barrierefreies Ettlingen im Rahmen der lokalen Agenda 21.<\/p>\n\n\n\n<p class=\"wp-block-paragraph\">&#8222;Mir liegt ein barrierefreies Ettlingen besonders am Herzen, weil ich selbst betroffen bin und wei\u00df, wie schwer es \u00e4ltere B\u00fcrger, in ihrer Mobilit\u00e4t eingeschr\u00e4nkte Personen und Familien mit Kinderwagen in Ettlingen haben. Barrieren kann man reduzieren und bei neuen Projekten darauf achten, dass keine neuen entstehen.&#8220;<\/p>\n\n\n\n<div style=\"height:10px\" aria-hidden=\"true\" class=\"wp-block-spacer\"><\/div>\n\n\n\n<hr class=\"wp-block-separator has-alpha-channel-opacity is-style-wide\"\/>\n\n\n\n<h1 class=\"wp-block-heading\">Der Beirat<\/h1>\n\n\n<div class=\"wp-block-image\">\n<figure class=\"alignleft is-resized\"><img loading=\"lazy\" decoding=\"async\" width=\"250\" height=\"375\" src=\"https:\/\/fwfe.de\/wordpress\/wp-content\/uploads\/2022\/10\/lothar_bauer_neu.jpg\" alt=\"\" class=\"wp-image-1199\" style=\"width:180px\" srcset=\"https:\/\/fwfe.de\/wordpress\/wp-content\/uploads\/2022\/10\/lothar_bauer_neu.jpg 250w, https:\/\/fwfe.de\/wordpress\/wp-content\/uploads\/2022\/10\/lothar_bauer_neu-200x300.jpg 200w\" sizes=\"auto, (max-width: 250px) 100vw, 250px\" \/><\/figure>\n<\/div>\n\n\n<p class=\"wp-block-paragraph\">Lothar Bauer<\/p>\n\n\n\n<p class=\"wp-block-paragraph\"><strong>Zur Person:<\/strong> Geb. 1960, verheiratet, Dipl. Ing.(FH), Versorgungstechnik, seit \u00fcber 20 Jahren in Ettlingen\/Ettlingenweier.<\/p>\n\n\n\n<p class=\"wp-block-paragraph\">&#8222;Ich habe die hohe Lebensqualit\u00e4t Ettlingens zu sch\u00e4tzen gelernt. Damit diese f\u00fcr nachfolgende Generationen erhalten bleibt, engagiere ich mich bei FE f\u00fcr Ettlingen.&#8220;<\/p>\n\n\n\n<div style=\"height:20px\" aria-hidden=\"true\" class=\"wp-block-spacer\"><\/div>\n\n\n<div class=\"wp-block-image\">\n<figure class=\"alignleft is-resized\"><img loading=\"lazy\" decoding=\"async\" width=\"250\" height=\"375\" src=\"https:\/\/fwfe.de\/wordpress\/wp-content\/uploads\/2022\/10\/peter_worms_neu.jpg\" alt=\"\" class=\"wp-image-1200\" style=\"width:180px\" srcset=\"https:\/\/fwfe.de\/wordpress\/wp-content\/uploads\/2022\/10\/peter_worms_neu.jpg 250w, https:\/\/fwfe.de\/wordpress\/wp-content\/uploads\/2022\/10\/peter_worms_neu-200x300.jpg 200w\" sizes=\"auto, (max-width: 250px) 100vw, 250px\" \/><\/figure>\n<\/div>\n\n\n<p class=\"wp-block-paragraph\">Peter Worms<\/p>\n\n\n\n<p class=\"wp-block-paragraph\"><strong>Zur Person: <\/strong>Geb. 1951, verheiratet, Gesch\u00e4ftsf\u00fchrer, wohnhaft in Ettlingenweier.<\/p>\n\n\n\n<p class=\"wp-block-paragraph\">&#8222;Wir m\u00fcssen den Schuldenberg unseres Eigenbetriebs Abwasser in den Griff bekommen, um die nachfolgenden Generationen nicht ungeb\u00fchrlich zu belasten.&#8220;<\/p>\n\n\n\n<div style=\"height:20px\" aria-hidden=\"true\" class=\"wp-block-spacer\"><\/div>\n\n\n<div class=\"wp-block-image\">\n<figure class=\"alignleft is-resized\"><img loading=\"lazy\" decoding=\"async\" width=\"138\" height=\"209\" src=\"https:\/\/fwfe.de\/wordpress\/wp-content\/uploads\/2022\/10\/Hans-Peter_Pfeifer.jpg\" alt=\"\" class=\"wp-image-1197\" style=\"width:180px\"\/><\/figure>\n<\/div>\n\n\n<p class=\"wp-block-paragraph\">Dr. Hans-Peter Pfeifer<\/p>\n\n\n\n<p class=\"wp-block-paragraph\"><strong>Zur Person: <\/strong>Geb. 1947, verheiratet, zwei erwachsene S\u00f6hne, Patentanwalt, wohnhaft in Ettlingen.<\/p>\n\n\n\n<p class=\"wp-block-paragraph\">&#8222;Ich m\u00f6chte erreichen, dass bei allen Entscheidungen Vernunft und Sparsamkeit walten, um k\u00fcnftigen Generationen nicht unsere Schulden aufzub\u00fcrden, gleichzeitig aber genug Spielraum f\u00fcr wichtige Investitionen in Bildung, Kinder-, Jugend- und Seniorenarbeit, Stadtentwicklung, Vereine und Ehrenamt zu haben.&#8220;<\/p>\n\n\n\n<div style=\"height:20px\" aria-hidden=\"true\" class=\"wp-block-spacer\"><\/div>\n\n\n<div class=\"wp-block-image\">\n<figure class=\"alignleft is-resized\"><img loading=\"lazy\" decoding=\"async\" width=\"250\" height=\"375\" src=\"https:\/\/fwfe.de\/wordpress\/wp-content\/uploads\/2022\/10\/dr_joerg_friedrich_neu.jpg\" alt=\"\" class=\"wp-image-1195\" style=\"width:180px\" srcset=\"https:\/\/fwfe.de\/wordpress\/wp-content\/uploads\/2022\/10\/dr_joerg_friedrich_neu.jpg 250w, https:\/\/fwfe.de\/wordpress\/wp-content\/uploads\/2022\/10\/dr_joerg_friedrich_neu-200x300.jpg 200w\" sizes=\"auto, (max-width: 250px) 100vw, 250px\" \/><\/figure>\n<\/div>\n\n\n<p class=\"wp-block-paragraph\">Dr. J\u00f6rg Friedrich<\/p>\n\n\n\n<p class=\"wp-block-paragraph\"><strong>Zur Person: <\/strong>Geb. 1960, Selbst\u00e4ndiger IT-Unternehmer, wohnhaft in Ettlingen (Kernstadt).<\/p>\n\n\n\n<p class=\"wp-block-paragraph\">&#8222;Beim Thema Digitalisierung sind mir Schutz der Privatsph\u00e4re, Datensparsamkeit und informationelle Selbstbstimmung von B\u00fcgerinnen und B\u00fcrgern ein Anliegen.&#8220;<\/p>\n\n\n\n<p class=\"wp-block-paragraph\"><\/p>\n\n\n\n<div style=\"height:20px\" aria-hidden=\"true\" class=\"wp-block-spacer\"><\/div>\n\n\n<div class=\"wp-block-image\">\n<figure class=\"alignleft is-resized\"><img loading=\"lazy\" decoding=\"async\" width=\"100\" height=\"150\" src=\"https:\/\/fwfe.de\/wordpress\/wp-content\/uploads\/2022\/10\/Steffen_Schreiber_100x150.jpg\" alt=\"\" class=\"wp-image-1202\" style=\"width:180px\"\/><\/figure>\n<\/div>\n\n\n<p class=\"wp-block-paragraph\">Steffen Schreiber<\/p>\n\n\n\n<p class=\"wp-block-paragraph\"><strong>Zur Person:&nbsp; <\/strong>Geb. 1968, verheiratet, ein Sohn, Rechtsanwalt, wohnhaft in Ettlingen (Kernstadt).<\/p>\n\n\n\n<p class=\"wp-block-paragraph\">&nbsp;<\/p>\n\n\n\n<p class=\"wp-block-paragraph\">&nbsp;<\/p>\n","protected":false},"excerpt":{"rendered":"<p>Herbert Rebmann, Vorsitzender Zur Person: Geb. 1961, 3 Kinder, Rechtsanwalt. Von 2004 bis 2009 Mitglied des Gemeinderates und des Kreistages, von 2016 bis 2019 erneut Mitglied des Gemeinderates. &#8222;Ich m\u00f6chte Unternehmen mit sicheren Arbeitspl\u00e4tzen in Ettlingen ansiedeln, um weiter in Krippen, Kinderg\u00e4rten und Schulen f\u00fcr unsere Kinder investieren zu k\u00f6nnen. Deshalb d\u00fcrfen wir unsere knappen [&hellip;]<\/p>\n","protected":false},"author":1,"featured_media":0,"parent":0,"menu_order":0,"comment_status":"closed","ping_status":"closed","template":"","meta":{"_crdt_document":"","footnotes":""},"class_list":["post-1177","page","type-page","status-publish","hentry","missing-thumbnail"],"_links":{"self":[{"href":"https:\/\/fwfe.de\/wordpress\/wp-json\/wp\/v2\/pages\/1177","targetHints":{"allow":["GET"]}}],"collection":[{"href":"https:\/\/fwfe.de\/wordpress\/wp-json\/wp\/v2\/pages"}],"about":[{"href":"https:\/\/fwfe.de\/wordpress\/wp-json\/wp\/v2\/types\/page"}],"author":[{"embeddable":true,"href":"https:\/\/fwfe.de\/wordpress\/wp-json\/wp\/v2\/users\/1"}],"replies":[{"embeddable":true,"href":"https:\/\/fwfe.de\/wordpress\/wp-json\/wp\/v2\/comments?post=1177"}],"version-history":[{"count":48,"href":"https:\/\/fwfe.de\/wordpress\/wp-json\/wp\/v2\/pages\/1177\/revisions"}],"predecessor-version":[{"id":1967,"href":"https:\/\/fwfe.de\/wordpress\/wp-json\/wp\/v2\/pages\/1177\/revisions\/1967"}],"wp:attachment":[{"href":"https:\/\/fwfe.de\/wordpress\/wp-json\/wp\/v2\/media?parent=1177"}],"curies":[{"name":"wp","href":"https:\/\/api.w.org\/{rel}","templated":true}]}}