{"id":107,"date":"2018-12-11T14:12:57","date_gmt":"2018-12-11T13:12:57","guid":{"rendered":"https:\/\/fwfe.de\/wordpress\/?page_id=107"},"modified":"2024-08-11T13:30:47","modified_gmt":"2024-08-11T12:30:47","slug":"kreisrat","status":"publish","type":"page","link":"https:\/\/fwfe.de\/wordpress\/kreisrat\/","title":{"rendered":"Kreistag"},"content":{"rendered":"\n<p class=\"wp-block-paragraph\">Die Kreisr\u00e4te von <strong><span style=\"color: #0000ff;\">fw<\/span><span style=\"color: #ff6600;\">fe<\/span><\/strong> sind Mitglieder in der Kreistagsfraktion der Freien W\u00e4hler. Die Kreistagsfraktion der Freien W\u00e4hler ist die zweitgr\u00f6\u00dfte Fraktion im Kreistag. Die Freien W\u00e4hler im Kreis Karlsruhe haben durch sachorientierte Politik und konstruktive Antr\u00e4ge Profil gezeigt und im Kreistag Karlsruhe nachhaltige Schwerpunkte gesetzt. <img decoding=\"async\" id=\"kreistag-img\" class=\"aligncenter\" src=\"https:\/\/fwfe.de\/wordpress\/wp-content\/uploads\/2019\/04\/Kreistagswahl_Ettlingen_2019_2.jpg\" alt=\"\"><a style=\"text-align: right;\" href=\"#kandidaten\" id=\"kreis-kandidaten-link\">hier geht&#8217;s zu Ihren <span style=\"color: #0000ff;\">fw<\/span><span style=\"color: #ff6600;\">fe<\/span> Vertretern im Kreistag >><\/a><br><br>Freie W\u00e4hler sind dem Wohl der Kreiseinwohner und keiner politischen oder strategischen Richtung verpflichtet. In der Fraktion der Freien W\u00e4hler verfolgen unsere Kreisr\u00e4te vorrangig die Interessen der Einwohner unserer Stadt; dazu einige Schwerpunkte:<\/p>\n\n\n\n<p class=\"wp-block-paragraph\"><strong>Schule und Bildung:<\/strong> Wir werden uns weiter daf\u00fcr einsetzen, dass das Sanierungs- und Neubauprogramm der Schulen zur beruflichen Bildung konsequent fortgesetzt wird. Der zweite Bauabschnitt des Beruflichen Bildungszentrums Ettlingen (Albert-Einstein-, Bertha\u2013von-Suttner- und Wilhelm-R\u00f6pke-Schule) wird in der n\u00e4chsten Wahlperiode des Kreistages umgesetzt. Wir wollen, dass auch der 2. Bauabschnitt dieses Projektes im Umfang von \u00fcber 70 Millionen Euro z\u00fcgig, gestalterisch hochwertig und zukunftsorientiert realisiert wird.<\/p>\n\n\n\n<p class=\"wp-block-paragraph\"><strong>M\u00fcllbeseitigung:<\/strong> Der Landkreis ist zust\u00e4ndig f\u00fcr unsere M\u00fcllentsorgung einschlie\u00dflich Hausm\u00fcll, Wertstoffh\u00f6fen und Gr\u00fcnpl\u00e4tzen.<br>Ab 2019 stehen die Neufestsetzung der M\u00fcllgeb\u00fchren und -aufgrund gesetzlicher Vorschriften- die Einf\u00fchrung der gesonderten Biom\u00fcllentsorgung an. Wir haben uns bisher f\u00fcr die Beibehaltung unserer bew\u00e4hrten Standards, f\u00fcr eine weitgehende Kostenstabilit\u00e4t und eine b\u00fcrgerfreundliche und kosteng\u00fcnstige L\u00f6sung beim Biom\u00fcll eingesetzt und wollen diese Politik fortsetzen. Der Erhalt der Wertstofftonne ist f\u00fcr uns selbstverst\u00e4ndlich.<\/p>\n\n\n\n<p class=\"wp-block-paragraph\"><strong>Haushalt und Soziales:<\/strong> Der Sozialetat ist zwar der gr\u00f6\u00dfte Haushaltsposten, aber uns ist zielgerichtete Hilfe f\u00fcr die Versorgungsempf\u00e4nger ebenso wichtig, wie die Hilfe zur Selbsthilfe. Eine f\u00fcr alle Aufgabenbereiche risikober\u00fccksichtigende Finanzplanung ist Voraussetzung, dass alle (Sozial-)Aufgaben auch in schwierigen Zeiten noch bew\u00e4ltigbar bleiben.<\/p>\n\n\n\n<p class=\"wp-block-paragraph\"><strong>Krankenhauswesen<\/strong>: Der Landkreis ist Eigent\u00fcmer der Krankenh\u00e4user in Bruchsal und Bretten. Beide Krankenh\u00e4user sind sowohl f\u00fcr die allgemeine Versorgung, aber auch f\u00fcr Spezialbereiche ein wichtiger Baustein f\u00fcr die medizinische Versorgung in der Region. Das Krankenhaus Bretten wurde w\u00e4hrend der letzten Wahlperiode des Kreistages komplett neu gebaut, die Kliniken in Bruchsal werden laufend ausgebaut und erneuert. In der kommenden Wahlperiode steht auch hier ein weiterer Bauabschnitt an. All dies ist m\u00f6glich, da beide Krankenh\u00e4user wirtschaftlich arbeiten. Wir wollen den Weg, den Kreiseinwohnern medizinische Versorgung auf hohem Niveau zur Verf\u00fcgung zu stellen, konsequent weiter ausbauen. Dazu geh\u00f6rt auch, die Versorgung unserer Einwohner durch Haus- und Fach\u00e4rzte au\u00dferhalb der Krankenh\u00e4user weiter zu verbessern.<\/p>\n\n\n\n<p class=\"wp-block-paragraph\"><strong>\u00d6PNV:<\/strong> Ein fl\u00e4chendeckender und zuverl\u00e4ssiger \u00f6ffentlicher Personennahverkehr ist f\u00fcr uns in Ettlingen besonders wichtig. Ettlingen ist eine Stadt der Einpendler: wir haben mehr Arbeitspl\u00e4tze als Einwohner. Auch f\u00fcr die jungen Menschen, die in Ettlingen zur Schule gehen ist ein funktionierender Nahverkehr ein St\u00fcck Lebensqualit\u00e4t. Mittel- und langfristig wollen wir einen Ausbau des Netzes und eine weitere Steigerung des Einsatzes von Elektrobussen. Der Probebetrieb eines Elektrobusses in Ettlingen und der in der aktuellen Ausschreibung vorgesehene Einsatz von 5 Elektrobussen im Linienb\u00fcndel Ettlingen II ist f\u00fcr uns nur der Anfang. Kurzfristig steht f\u00fcr uns die Verbesserung der Zuverl\u00e4ssigkeit von Bussen und Bahnen an erster Stelle.<\/p>\n\n\n\n<p class=\"wp-block-paragraph\"><strong>Verkehr:<\/strong> Der Landkreis ist nicht nur f\u00fcr die Kreisstra\u00dfen zust\u00e4ndig sondern auch f\u00fcr das Radwegeverkehrskonzeptes. Wir stehen f\u00fcr den z\u00fcgigen Ausbau des Radschnellweges zwischen Ettlingen und Karlsruhe. Als Bestandteil eines \u00fcberregionalen Radwegekonzeptes werden wir uns aber auch f\u00fcr sichere Radwege zwischen den H\u00f6henstadteilen und den H\u00f6henstadtteilen und der Kernstadt engagieren. Zum Radwegekonzept geh\u00f6rt f\u00fcr uns auch eine zuverl\u00e4ssige Mitnahmem\u00f6glichkeit von Fahrr\u00e4dern im \u00d6PNV.<\/p>\n\n\n\n<h2 class=\"wp-block-heading\" id=\"kandidaten\">Ihre <span style=\"color: #0000ff;\">fw<\/span><span style=\"color: #ff6600;\">fe<\/span> Vertreter im Kreistag<\/h2>\n\n\n<div class=\"wp-block-image\">\n<figure class=\"alignleft size-large is-resized\"><img decoding=\"async\" src=\"https:\/\/fwfe.de\/wordpress\/wp-content\/uploads\/2019\/03\/johannes_arnold-200x300.jpg\" alt=\"\" style=\"width:180px\"\/><\/figure>\n<\/div>\n\n\n<p class=\"wp-block-paragraph\"><a href=\"https:\/\/www.johannes-arnold.com\">Johannes Arnold<\/a> &#8211; Oberb\u00fcrgermeister<\/p>\n\n\n\n<p class=\"wp-block-paragraph\"><em>Als Oberb\u00fcrgermeister unserer Stadt m\u00f6chte ich Ettlingen im Kreistag eine selbstbewusste und engagierte Stimme geben. Dabei sind mir Bildung, \u00d6PNV, Umwelt und Soziales besonders wichtig.<\/em><\/p>\n\n\n\n<div style=\"height:10px\" aria-hidden=\"true\" class=\"wp-block-spacer\"><\/div>\n\n\n<div class=\"wp-block-image\">\n<figure class=\"alignleft size-full is-resized\"><img loading=\"lazy\" decoding=\"async\" width=\"354\" height=\"494\" src=\"https:\/\/fwfe.de\/wordpress\/wp-content\/uploads\/2024\/08\/Juergen-Maisch.png\" alt=\"\" class=\"wp-image-1744\" style=\"width:180px\" srcset=\"https:\/\/fwfe.de\/wordpress\/wp-content\/uploads\/2024\/08\/Juergen-Maisch.png 354w, https:\/\/fwfe.de\/wordpress\/wp-content\/uploads\/2024\/08\/Juergen-Maisch-215x300.png 215w\" sizes=\"auto, (max-width: 354px) 100vw, 354px\" \/><\/figure>\n<\/div>\n\n\n<p class=\"wp-block-paragraph\">J\u00fcrgen Maisch<\/p>\n\n\n\n<p class=\"wp-block-paragraph\"><em>Ich m\u00f6chte mich im Kreistag gerne weiterhin konstruktiv und frei von Fraktionszw\u00e4ngen f\u00fcr eine pragmatische und nachhaltige Aufgabenerf\u00fcllung engagieren und mich daf\u00fcr einsetzen, dass bei allen Entscheidungen vor allem das Wohl der B\u00fcrger im Mittelpunkt steht.<\/em><\/p>\n\n\n\n<div style=\"height:10px\" aria-hidden=\"true\" class=\"wp-block-spacer\"><\/div>\n\n\n\n<p class=\"wp-block-paragraph\"><\/p>\n","protected":false},"excerpt":{"rendered":"<p>Die Kreisr\u00e4te von fwfe sind Mitglieder in der Kreistagsfraktion der Freien W\u00e4hler. Die Kreistagsfraktion der Freien W\u00e4hler ist die zweitgr\u00f6\u00dfte Fraktion im Kreistag. Die Freien W\u00e4hler im Kreis Karlsruhe haben durch sachorientierte Politik und konstruktive Antr\u00e4ge Profil gezeigt und im Kreistag Karlsruhe nachhaltige Schwerpunkte gesetzt. hier geht&#8217;s zu Ihren fwfe Vertretern im Kreistag >> Freie [&hellip;]<\/p>\n","protected":false},"author":1,"featured_media":0,"parent":0,"menu_order":0,"comment_status":"closed","ping_status":"closed","template":"","meta":{"_crdt_document":"","footnotes":""},"class_list":["post-107","page","type-page","status-publish","hentry","missing-thumbnail"],"_links":{"self":[{"href":"https:\/\/fwfe.de\/wordpress\/wp-json\/wp\/v2\/pages\/107","targetHints":{"allow":["GET"]}}],"collection":[{"href":"https:\/\/fwfe.de\/wordpress\/wp-json\/wp\/v2\/pages"}],"about":[{"href":"https:\/\/fwfe.de\/wordpress\/wp-json\/wp\/v2\/types\/page"}],"author":[{"embeddable":true,"href":"https:\/\/fwfe.de\/wordpress\/wp-json\/wp\/v2\/users\/1"}],"replies":[{"embeddable":true,"href":"https:\/\/fwfe.de\/wordpress\/wp-json\/wp\/v2\/comments?post=107"}],"version-history":[{"count":61,"href":"https:\/\/fwfe.de\/wordpress\/wp-json\/wp\/v2\/pages\/107\/revisions"}],"predecessor-version":[{"id":1815,"href":"https:\/\/fwfe.de\/wordpress\/wp-json\/wp\/v2\/pages\/107\/revisions\/1815"}],"wp:attachment":[{"href":"https:\/\/fwfe.de\/wordpress\/wp-json\/wp\/v2\/media?parent=107"}],"curies":[{"name":"wp","href":"https:\/\/api.w.org\/{rel}","templated":true}]}}