{"id":105,"date":"2018-12-11T14:12:36","date_gmt":"2018-12-11T13:12:36","guid":{"rendered":"https:\/\/fwfe.de\/wordpress\/?page_id=105"},"modified":"2019-06-13T16:58:51","modified_gmt":"2019-06-13T15:58:51","slug":"ortschaftsrat","status":"publish","type":"page","link":"https:\/\/fwfe.de\/wordpress\/ortschaftsrat\/","title":{"rendered":"Ortschaftsrat"},"content":{"rendered":"\r\n<p class=\"wp-block-paragraph\">Alle Ettlinger Ortsteile haben eigene Traditionen und Schwerpunkte. Diese zu erhalten ist eine wichtige Aufgabe der Ortschaftsr\u00e4te.<\/p>\r\n<p>Die Ortsteile m\u00fcssen sich aber auch vielen Ver\u00e4nderungen stellen, wie der Schlie\u00dfung von L\u00e4den, Betrieben oder Bankfilialen. <br \/>Ver\u00e4nderungen gibt es auch beim Vereinsleben. Die Vielzahl von Angeboten f\u00fcr Kinder und Jugendliche f\u00fchrt bei vielen \u00f6rtlichen Vereinen zu Kooperationen mit Vereinen anderer Ortsteile. \u00c4hnliche Entwicklungen gibt es auch bei der Feuerwehr.<\/p>\r\n<p>Ver\u00e4nderung birgt aber auch Chancen. Was macht in der Zukunft das Leben in den Ortsteilen attraktiv? Wie kann Ver\u00e4nderung gestaltet werden, damit am Ende nicht Verlust sondern Bereicherung steht?<br \/>Hier k\u00f6nnen die Ortschaftsr\u00e4te eine positive Rolle spielen.<\/p>\r\n<p>Traditionen erhalten, Ver\u00e4nderung gestalten \u2013 darin sehen wir unsere Schwerpunkte bei den Ortschaftsr\u00e4ten.<\/p>\r\n<h3><span style=\"color: #0000ff;\">fw<\/span><span style=\"color: #ff6600;\">fe<\/span> in den Ortschaften<\/h3>\r\n<ul>\r\n<li><a href=\"https:\/\/fwfe.de\/wordpress\/?page_id=431\">Bruchhausen<\/a><\/li>\r\n<li><a href=\"https:\/\/fwfe.de\/wordpress\/?page_id=433\">Ettlingenweier<\/a><\/li>\r\n<li><a href=\"https:\/\/fwfe.de\/wordpress\/?page_id=555\">Oberweier<\/a><\/li>\r\n<li><a href=\"https:\/\/fwfe.de\/wordpress\/?page_id=651\">Schluttenbach<\/a><\/li>\r\n<li><a href=\"https:\/\/fwfe.de\/wordpress\/?page_id=435\">Sch\u00f6llbronn<\/a><\/li>\r\n<li><a href=\"https:\/\/fwfe.de\/wordpress\/?page_id=651\">Spessart<\/a><\/li>\r\n<\/ul>","protected":false},"excerpt":{"rendered":"<p>Alle Ettlinger Ortsteile haben eigene Traditionen und Schwerpunkte. Diese zu erhalten ist eine wichtige Aufgabe der Ortschaftsr\u00e4te. Die Ortsteile m\u00fcssen sich aber auch vielen Ver\u00e4nderungen stellen, wie der Schlie\u00dfung von L\u00e4den, Betrieben oder Bankfilialen. Ver\u00e4nderungen gibt es auch beim Vereinsleben. Die Vielzahl von Angeboten f\u00fcr Kinder und Jugendliche f\u00fchrt bei vielen \u00f6rtlichen Vereinen zu Kooperationen [&hellip;]<\/p>\n","protected":false},"author":1,"featured_media":0,"parent":0,"menu_order":0,"comment_status":"closed","ping_status":"closed","template":"","meta":{"_crdt_document":"","footnotes":""},"class_list":["post-105","page","type-page","status-publish","hentry","missing-thumbnail"],"_links":{"self":[{"href":"https:\/\/fwfe.de\/wordpress\/wp-json\/wp\/v2\/pages\/105","targetHints":{"allow":["GET"]}}],"collection":[{"href":"https:\/\/fwfe.de\/wordpress\/wp-json\/wp\/v2\/pages"}],"about":[{"href":"https:\/\/fwfe.de\/wordpress\/wp-json\/wp\/v2\/types\/page"}],"author":[{"embeddable":true,"href":"https:\/\/fwfe.de\/wordpress\/wp-json\/wp\/v2\/users\/1"}],"replies":[{"embeddable":true,"href":"https:\/\/fwfe.de\/wordpress\/wp-json\/wp\/v2\/comments?post=105"}],"version-history":[{"count":21,"href":"https:\/\/fwfe.de\/wordpress\/wp-json\/wp\/v2\/pages\/105\/revisions"}],"predecessor-version":[{"id":844,"href":"https:\/\/fwfe.de\/wordpress\/wp-json\/wp\/v2\/pages\/105\/revisions\/844"}],"wp:attachment":[{"href":"https:\/\/fwfe.de\/wordpress\/wp-json\/wp\/v2\/media?parent=105"}],"curies":[{"name":"wp","href":"https:\/\/api.w.org\/{rel}","templated":true}]}}